{"id":407,"date":"2017-07-31T11:16:38","date_gmt":"2017-07-31T09:16:38","guid":{"rendered":"http:\/\/futur.ma\/tumag\/?post_type=product&#038;p=407"},"modified":"2020-01-22T08:59:18","modified_gmt":"2020-01-22T08:59:18","slug":"cables-torsades-de-reseau","status":"publish","type":"product","link":"https:\/\/www.tumagcables.com\/fr\/cable\/cables-de-distribution-aerienne-torsades-de-reseaux-3-phases-neutre-porteur-conducteurs-d-eclairage-ep\/","title":{"rendered":"C\u00e2bles de distribution a\u00e9rienne torsad\u00e9s de r\u00e9seaux (3 phases + neutre porteur + conducteurs d&#8217;\u00e9clairage EP)"},"content":{"rendered":"<h5><b>DESCRIPTION<\/b><\/h5>\n<p>1\/ \u00c2me de phase en aluminium circulaire c\u00e2bl\u00e9 de classe 2<\/p>\n<p>2\/ \u00c2me porteur en AGS classe 2 (54,6 ou 70 mm\u00b2)<\/p>\n<p>3\/ \u00c2me de l\u2019\u00e9clairage public (EP) en aluminium circulaire c\u00e2bl\u00e9 de classe 2 (section 16 mm\u00b2)<\/p>\n<p>4\/ Enveloppe isolante en PR \/ xLPE noir<\/p>\n<p>&nbsp;<\/p>\n<h5><b>UTILISATION<\/b><\/h5>\n<p>C\u00e2bles destin\u00e9s \u00e0 la distribution a\u00e9rienne \u00e0 basse tension pour les r\u00e9seaux ruraux, semi-ruraux et urbains.<\/p>\n<p>&nbsp;<\/p>\n<h5><b>MODE DE POSE<\/b><\/h5>\n<p>&#8211; faisceaux tendus sur fa\u00e7ade<br \/>\n&#8211; faisceaux tendus sur poteaux<\/p>\n<p>&nbsp;<\/p>\n<h5><b>RAYON DE COURBURE<\/b><\/h5>\n<p>&#8211; minimum 6 fois le diam\u00e8tre ext\u00e9rieur de la torsade (pos\u00e9).<br \/>\n&#8211; minimum 8 fois le diam\u00e8tre ext\u00e9rieur de la torsade si d \u2264 30mm (pendant la pose).<br \/>\n&#8211; minimum 10 fois le diam\u00e8tre ext\u00e9rieur de la torsade si d > 30mm (pendant la pose).<\/p>\n<p>&nbsp;<\/p>\n<h5><b>REP\u00c9RAGE DES CONDUCTEURS<\/b><\/h5>\n<p>1, 2, 3 sur les phases, EP1 \/ EP2 sur les conducteurs d\u2019\u00e9clairage et TUMAG CABLES sur le neutre porteur.<\/p>\n<p>&nbsp;<\/p>\n<h5><b>NORMES TECHNIQUES<\/b><\/h5>\n<p>&#8211; NF C 33-209<br \/>\n&#8211; NM 06.3.068<\/p>\n<p>&nbsp;<\/p>\n<h5><b>TENSION NOMINALE \/ D\u2019ESSAI \/ MAXIMALE<\/b><\/h5>\n<p>&#8211; Tension nominale : 0,6\/1 KV.<br \/>\n&#8211; Temp\u00e9rature maximale sur l\u2019\u00e2me : 90\u00b0C en service permanent, 160\u00b0C en court-circuit.<\/p>\n","protected":false},"excerpt":{"rendered":"<div align=\"right\"><a class=\"button\" href=\"https:\/\/www.tumagcables.com\/wp-content\/uploads\/catalogue\/12-torsades-reseaux.pdf\">T\u00e9l\u00e9charger fiche PDF<\/a><\/div>\n<h5><b>UTILISATION<\/b><\/h5>\n<p>C\u00e2bles destin\u00e9s \u00e0 la distribution a\u00e9rienne \u00e0 basse tension pour les r\u00e9seaux ruraux, semi-ruraux et urbains.<\/p>\n<p>&nbsp;<\/p>\n<h5><b>MODE DE POSE<\/b><\/h5>\n<p>&#8211; faisceaux tendus sur fa\u00e7ade<br \/>\n&#8211; faisceaux tendus sur poteaux<\/p>\n<p>&nbsp;<\/p>\n<h5><b>NORMES TECHNIQUES<\/b><\/h5>\n<p>&#8211; NF C 33-209<br \/>\n&#8211; NM 06.3.068<\/p>\n","protected":false},"featured_media":3845,"template":"","meta":{"_exactmetrics_skip_tracking":false,"_exactmetrics_sitenote_active":false,"_exactmetrics_sitenote_note":"","_exactmetrics_sitenote_category":0},"product_brand":[],"product_cat":[64,43],"product_tag":[],"class_list":{"0":"post-407","1":"product","2":"type-product","3":"status-publish","4":"has-post-thumbnail","6":"product_cat-cables-aeriens-torsades-de-reseaux","7":"product_cat-cables-aeriens","9":"first","10":"instock","11":"shipping-taxable","12":"product-type-simple"},"yoast_head":"<!-- This site is optimized with the Yoast SEO plugin v26.9 - https:\/\/yoast.com\/product\/yoast-seo-wordpress\/ -->\n<title>C\u00e2bles de distribution a\u00e9rienne torsad\u00e9s de r\u00e9seaux (3 phases + neutre porteur + conducteurs d&#039;\u00e9clairage EP) | TUMAG c\u00e2bles<\/title>\n<meta name=\"robots\" content=\"index, follow, max-snippet:-1, max-image-preview:large, max-video-preview:-1\" \/>\n<link rel=\"canonical\" href=\"https:\/\/www.tumagcables.com\/en\/cable\/twisted-network-overhead-cables-for-aerial-distribution-3-phases-neutral-messenger-lighting-connectors-ep\/\" \/>\n<meta property=\"og:locale\" content=\"fr_FR\" \/>\n<meta property=\"og:type\" content=\"article\" \/>\n<meta property=\"og:title\" content=\"[:fr]C\u00e2bles de distribution a\u00e9rienne torsad\u00e9s de r\u00e9seaux (3 phases + neutre porteur + conducteurs d&#039;\u00e9clairage EP)[:en]Twisted network overhead cables for aerial distribution + 3 phases + neutral messenger + lighting connectors (EP)[:] | TUMAG c\u00e2bles\" \/>\n<meta property=\"og:description\" content=\"T\u00e9l\u00e9charger fiche PDF UTILISATION C\u00e2bles destin\u00e9s \u00e0 la distribution a\u00e9rienne \u00e0 basse tension pour les r\u00e9seaux ruraux, semi-ruraux et urbains.  &nbsp; MODE DE POSE - faisceaux tendus sur fa\u00e7ade - faisceaux tendus sur poteaux  &nbsp; NORMES TECHNIQUES - NF C 33-209 - NM 06.3.068\" \/>\n<meta property=\"og:url\" content=\"https:\/\/www.tumagcables.com\/en\/cable\/twisted-network-overhead-cables-for-aerial-distribution-3-phases-neutral-messenger-lighting-connectors-ep\/\" \/>\n<meta property=\"og:site_name\" content=\"TUMAG c\u00e2bles\" \/>\n<meta property=\"article:modified_time\" content=\"2020-01-22T08:59:18+00:00\" \/>\n<meta property=\"og:image\" content=\"https:\/\/www.tumagcables.com\/wp-content\/uploads\/2017\/07\/TOR-D-3x50-542-2x16.jpg\" \/>\n\t<meta property=\"og:image:width\" content=\"1000\" \/>\n\t<meta property=\"og:image:height\" content=\"1001\" \/>\n\t<meta property=\"og:image:type\" content=\"image\/jpeg\" \/>\n<meta name=\"twitter:card\" content=\"summary_large_image\" \/>\n<meta name=\"twitter:label1\" content=\"Dur\u00e9e de lecture estim\u00e9e\" \/>\n\t<meta name=\"twitter:data1\" content=\"1 minute\" \/>\n<script type=\"application\/ld+json\" class=\"yoast-schema-graph\">{\"@context\":\"https:\/\/schema.org\",\"@graph\":[{\"@type\":\"WebPage\",\"@id\":\"https:\/\/www.tumagcables.com\/en\/cable\/twisted-network-overhead-cables-for-aerial-distribution-3-phases-neutral-messenger-lighting-connectors-ep\/\",\"url\":\"https:\/\/www.tumagcables.com\/en\/cable\/twisted-network-overhead-cables-for-aerial-distribution-3-phases-neutral-messenger-lighting-connectors-ep\/\",\"name\":\"[:fr]C\u00e2bles de distribution a\u00e9rienne torsad\u00e9s de r\u00e9seaux (3 phases + neutre porteur + conducteurs d'\u00e9clairage EP)[:en]Twisted network overhead cables for aerial distribution + 3 phases + neutral messenger + lighting connectors (EP)[:] | TUMAG c\u00e2bles\",\"isPartOf\":{\"@id\":\"https:\/\/www.tumagcables.com\/fr\/#website\"},\"primaryImageOfPage\":{\"@id\":\"https:\/\/www.tumagcables.com\/en\/cable\/twisted-network-overhead-cables-for-aerial-distribution-3-phases-neutral-messenger-lighting-connectors-ep\/#primaryimage\"},\"image\":{\"@id\":\"https:\/\/www.tumagcables.com\/en\/cable\/twisted-network-overhead-cables-for-aerial-distribution-3-phases-neutral-messenger-lighting-connectors-ep\/#primaryimage\"},\"thumbnailUrl\":\"https:\/\/www.tumagcables.com\/wp-content\/uploads\/2017\/07\/TOR-D-3x50-542-2x16.jpg\",\"datePublished\":\"2017-07-31T09:16:38+00:00\",\"dateModified\":\"2020-01-22T08:59:18+00:00\",\"breadcrumb\":{\"@id\":\"https:\/\/www.tumagcables.com\/en\/cable\/twisted-network-overhead-cables-for-aerial-distribution-3-phases-neutral-messenger-lighting-connectors-ep\/#breadcrumb\"},\"inLanguage\":\"fr-FR\",\"potentialAction\":[{\"@type\":\"ReadAction\",\"target\":[\"https:\/\/www.tumagcables.com\/en\/cable\/twisted-network-overhead-cables-for-aerial-distribution-3-phases-neutral-messenger-lighting-connectors-ep\/\"]}]},{\"@type\":\"ImageObject\",\"inLanguage\":\"fr-FR\",\"@id\":\"https:\/\/www.tumagcables.com\/en\/cable\/twisted-network-overhead-cables-for-aerial-distribution-3-phases-neutral-messenger-lighting-connectors-ep\/#primaryimage\",\"url\":\"https:\/\/www.tumagcables.com\/wp-content\/uploads\/2017\/07\/TOR-D-3x50-542-2x16.jpg\",\"contentUrl\":\"https:\/\/www.tumagcables.com\/wp-content\/uploads\/2017\/07\/TOR-D-3x50-542-2x16.jpg\",\"width\":1000,\"height\":1001},{\"@type\":\"BreadcrumbList\",\"@id\":\"https:\/\/www.tumagcables.com\/en\/cable\/twisted-network-overhead-cables-for-aerial-distribution-3-phases-neutral-messenger-lighting-connectors-ep\/#breadcrumb\",\"itemListElement\":[{\"@type\":\"ListItem\",\"position\":1,\"name\":\"Home\",\"item\":\"https:\/\/www.tumagcables.com\/fr\/\"},{\"@type\":\"ListItem\",\"position\":2,\"name\":\"Nos c\u00e2bles\",\"item\":\"https:\/\/www.tumagcables.com\/fr\/nos-cables\/\"},{\"@type\":\"ListItem\",\"position\":3,\"name\":\"Twisted network overhead cables for aerial distribution + 3 phases + neutral messenger + lighting connectors (EP)\"}]},{\"@type\":\"WebSite\",\"@id\":\"https:\/\/www.tumagcables.com\/fr\/#website\",\"url\":\"https:\/\/www.tumagcables.com\/fr\/\",\"name\":\"TUMAG c\u00e2bles\",\"description\":\"Sp\u00e9cialiste en fabrication des fils et c\u00e2bles \u00e9lectriques.\",\"publisher\":{\"@id\":\"https:\/\/www.tumagcables.com\/fr\/#organization\"},\"potentialAction\":[{\"@type\":\"SearchAction\",\"target\":{\"@type\":\"EntryPoint\",\"urlTemplate\":\"https:\/\/www.tumagcables.com\/fr\/?s={search_term_string}\"},\"query-input\":{\"@type\":\"PropertyValueSpecification\",\"valueRequired\":true,\"valueName\":\"search_term_string\"}}],\"inLanguage\":\"fr-FR\"},{\"@type\":\"Organization\",\"@id\":\"https:\/\/www.tumagcables.com\/fr\/#organization\",\"name\":\"Tumag C\u00e2bles\",\"url\":\"https:\/\/www.tumagcables.com\/fr\/\",\"logo\":{\"@type\":\"ImageObject\",\"inLanguage\":\"fr-FR\",\"@id\":\"https:\/\/www.tumagcables.com\/fr\/#\/schema\/logo\/image\/\",\"url\":\"https:\/\/www.tumagcables.com\/wp-content\/uploads\/2017\/06\/logo@2x.png\",\"contentUrl\":\"https:\/\/www.tumagcables.com\/wp-content\/uploads\/2017\/06\/logo@2x.png\",\"width\":424,\"height\":150,\"caption\":\"Tumag C\u00e2bles\"},\"image\":{\"@id\":\"https:\/\/www.tumagcables.com\/fr\/#\/schema\/logo\/image\/\"},\"sameAs\":[\"https:\/\/www.linkedin.com\/company\/18293891\/\"]}]}<\/script>\n<!-- \/ Yoast SEO plugin. -->","yoast_head_json":{"title":"[:fr]C\u00e2bles de distribution a\u00e9rienne torsad\u00e9s de r\u00e9seaux (3 phases + neutre porteur + conducteurs d'\u00e9clairage EP)[:en]Twisted network overhead cables for aerial distribution + 3 phases + neutral messenger + lighting connectors (EP)[:] | TUMAG c\u00e2bles","robots":{"index":"index","follow":"follow","max-snippet":"max-snippet:-1","max-image-preview":"max-image-preview:large","max-video-preview":"max-video-preview:-1"},"canonical":"https:\/\/www.tumagcables.com\/en\/cable\/twisted-network-overhead-cables-for-aerial-distribution-3-phases-neutral-messenger-lighting-connectors-ep\/","og_locale":"fr_FR","og_type":"article","og_title":"[:fr]C\u00e2bles de distribution a\u00e9rienne torsad\u00e9s de r\u00e9seaux (3 phases + neutre porteur + conducteurs d'\u00e9clairage EP)[:en]Twisted network overhead cables for aerial distribution + 3 phases + neutral messenger + lighting connectors (EP)[:] | TUMAG c\u00e2bles","og_description":"T\u00e9l\u00e9charger fiche PDF UTILISATION C\u00e2bles destin\u00e9s \u00e0 la distribution a\u00e9rienne \u00e0 basse tension pour les r\u00e9seaux ruraux, semi-ruraux et urbains.  &nbsp; MODE DE POSE - faisceaux tendus sur fa\u00e7ade - faisceaux tendus sur poteaux  &nbsp; NORMES TECHNIQUES - NF C 33-209 - NM 06.3.068","og_url":"https:\/\/www.tumagcables.com\/en\/cable\/twisted-network-overhead-cables-for-aerial-distribution-3-phases-neutral-messenger-lighting-connectors-ep\/","og_site_name":"TUMAG c\u00e2bles","article_modified_time":"2020-01-22T08:59:18+00:00","og_image":[{"width":1000,"height":1001,"url":"https:\/\/www.tumagcables.com\/wp-content\/uploads\/2017\/07\/TOR-D-3x50-542-2x16.jpg","type":"image\/jpeg"}],"twitter_card":"summary_large_image","twitter_misc":{"Dur\u00e9e de lecture estim\u00e9e":"1 minute"},"schema":{"@context":"https:\/\/schema.org","@graph":[{"@type":"WebPage","@id":"https:\/\/www.tumagcables.com\/en\/cable\/twisted-network-overhead-cables-for-aerial-distribution-3-phases-neutral-messenger-lighting-connectors-ep\/","url":"https:\/\/www.tumagcables.com\/en\/cable\/twisted-network-overhead-cables-for-aerial-distribution-3-phases-neutral-messenger-lighting-connectors-ep\/","name":"[:fr]C\u00e2bles de distribution a\u00e9rienne torsad\u00e9s de r\u00e9seaux (3 phases + neutre porteur + conducteurs d'\u00e9clairage EP)[:en]Twisted network overhead cables for aerial distribution + 3 phases + neutral messenger + lighting connectors (EP)[:] | TUMAG c\u00e2bles","isPartOf":{"@id":"https:\/\/www.tumagcables.com\/fr\/#website"},"primaryImageOfPage":{"@id":"https:\/\/www.tumagcables.com\/en\/cable\/twisted-network-overhead-cables-for-aerial-distribution-3-phases-neutral-messenger-lighting-connectors-ep\/#primaryimage"},"image":{"@id":"https:\/\/www.tumagcables.com\/en\/cable\/twisted-network-overhead-cables-for-aerial-distribution-3-phases-neutral-messenger-lighting-connectors-ep\/#primaryimage"},"thumbnailUrl":"https:\/\/www.tumagcables.com\/wp-content\/uploads\/2017\/07\/TOR-D-3x50-542-2x16.jpg","datePublished":"2017-07-31T09:16:38+00:00","dateModified":"2020-01-22T08:59:18+00:00","breadcrumb":{"@id":"https:\/\/www.tumagcables.com\/en\/cable\/twisted-network-overhead-cables-for-aerial-distribution-3-phases-neutral-messenger-lighting-connectors-ep\/#breadcrumb"},"inLanguage":"fr-FR","potentialAction":[{"@type":"ReadAction","target":["https:\/\/www.tumagcables.com\/en\/cable\/twisted-network-overhead-cables-for-aerial-distribution-3-phases-neutral-messenger-lighting-connectors-ep\/"]}]},{"@type":"ImageObject","inLanguage":"fr-FR","@id":"https:\/\/www.tumagcables.com\/en\/cable\/twisted-network-overhead-cables-for-aerial-distribution-3-phases-neutral-messenger-lighting-connectors-ep\/#primaryimage","url":"https:\/\/www.tumagcables.com\/wp-content\/uploads\/2017\/07\/TOR-D-3x50-542-2x16.jpg","contentUrl":"https:\/\/www.tumagcables.com\/wp-content\/uploads\/2017\/07\/TOR-D-3x50-542-2x16.jpg","width":1000,"height":1001},{"@type":"BreadcrumbList","@id":"https:\/\/www.tumagcables.com\/en\/cable\/twisted-network-overhead-cables-for-aerial-distribution-3-phases-neutral-messenger-lighting-connectors-ep\/#breadcrumb","itemListElement":[{"@type":"ListItem","position":1,"name":"Home","item":"https:\/\/www.tumagcables.com\/fr\/"},{"@type":"ListItem","position":2,"name":"Nos c\u00e2bles","item":"https:\/\/www.tumagcables.com\/fr\/nos-cables\/"},{"@type":"ListItem","position":3,"name":"Twisted network overhead cables for aerial distribution + 3 phases + neutral messenger + lighting connectors (EP)"}]},{"@type":"WebSite","@id":"https:\/\/www.tumagcables.com\/fr\/#website","url":"https:\/\/www.tumagcables.com\/fr\/","name":"TUMAG c\u00e2bles","description":"Sp\u00e9cialiste en fabrication des fils et c\u00e2bles \u00e9lectriques.","publisher":{"@id":"https:\/\/www.tumagcables.com\/fr\/#organization"},"potentialAction":[{"@type":"SearchAction","target":{"@type":"EntryPoint","urlTemplate":"https:\/\/www.tumagcables.com\/fr\/?s={search_term_string}"},"query-input":{"@type":"PropertyValueSpecification","valueRequired":true,"valueName":"search_term_string"}}],"inLanguage":"fr-FR"},{"@type":"Organization","@id":"https:\/\/www.tumagcables.com\/fr\/#organization","name":"Tumag C\u00e2bles","url":"https:\/\/www.tumagcables.com\/fr\/","logo":{"@type":"ImageObject","inLanguage":"fr-FR","@id":"https:\/\/www.tumagcables.com\/fr\/#\/schema\/logo\/image\/","url":"https:\/\/www.tumagcables.com\/wp-content\/uploads\/2017\/06\/logo@2x.png","contentUrl":"https:\/\/www.tumagcables.com\/wp-content\/uploads\/2017\/06\/logo@2x.png","width":424,"height":150,"caption":"Tumag C\u00e2bles"},"image":{"@id":"https:\/\/www.tumagcables.com\/fr\/#\/schema\/logo\/image\/"},"sameAs":["https:\/\/www.linkedin.com\/company\/18293891\/"]}]}},"_links":{"self":[{"href":"https:\/\/www.tumagcables.com\/fr\/wp-json\/wp\/v2\/product\/407","targetHints":{"allow":["GET"]}}],"collection":[{"href":"https:\/\/www.tumagcables.com\/fr\/wp-json\/wp\/v2\/product"}],"about":[{"href":"https:\/\/www.tumagcables.com\/fr\/wp-json\/wp\/v2\/types\/product"}],"wp:featuredmedia":[{"embeddable":true,"href":"https:\/\/www.tumagcables.com\/fr\/wp-json\/wp\/v2\/media\/3845"}],"wp:attachment":[{"href":"https:\/\/www.tumagcables.com\/fr\/wp-json\/wp\/v2\/media?parent=407"}],"wp:term":[{"taxonomy":"product_brand","embeddable":true,"href":"https:\/\/www.tumagcables.com\/fr\/wp-json\/wp\/v2\/product_brand?post=407"},{"taxonomy":"product_cat","embeddable":true,"href":"https:\/\/www.tumagcables.com\/fr\/wp-json\/wp\/v2\/product_cat?post=407"},{"taxonomy":"product_tag","embeddable":true,"href":"https:\/\/www.tumagcables.com\/fr\/wp-json\/wp\/v2\/product_tag?post=407"}],"curies":[{"name":"wp","href":"https:\/\/api.w.org\/{rel}","templated":true}]}}