{"id":400,"date":"2017-07-30T19:05:05","date_gmt":"2017-07-30T18:05:05","guid":{"rendered":"http:\/\/futur.ma\/tumag\/?post_type=product&#038;p=400"},"modified":"2020-01-21T10:48:28","modified_gmt":"2020-01-21T10:48:28","slug":"cables-fr-no5-w-u-fr-no5-uv-r-u500-vgv","status":"publish","type":"product","link":"https:\/\/www.tumagcables.com\/fr\/cable\/cables-domestiques-rigides-fr-n05-vv-u-fr-n05-vv-r-u500-vgv\/","title":{"rendered":"C\u00e2bles domestiques rigides FR-N05 VV-U \/ FR-N05 VV-R (U500 VGV)"},"content":{"rendered":"<h5><b>DESCRIPTION<\/b><\/h5>\n<p>1\/ \u00c2me conductrice rigide suivant norme NF C 32-013<br \/>\n&#8211; S \u2264 4 mm\u00b2 : cuivre nu massif classe 1<br \/>\n&#8211; S \u2265 6 mm\u00b2 : cuivre nu c\u00e2bl\u00e9 classe 2<\/p>\n<p>2\/ Enveloppe isolante en PVC color\u00e9<\/p>\n<p>3\/ Gaine en PVC gris<\/p>\n<p>&nbsp;<\/p>\n<h5><b>UTILISATION<\/b><\/h5>\n<p>\u00c9quipement des installations domestiques courantes, logements et locaux similaires.<\/p>\n<p>&nbsp;<\/p>\n<h5><b>MODE DE POSE<\/b><\/h5>\n<p>\u00c0 l\u2019air libre, en int\u00e9rieur : fixation sur supports.<\/p>\n<p>&nbsp;<\/p>\n<h5><b>RAYON DE COURBURE<\/b><\/h5>\n<p>Minimum 6 fois le diam\u00e8tre ext\u00e9rieur.<\/p>\n<p>&nbsp;<\/p>\n<h5><b>REP\u00c9RAGE DES CONDUCTEURS<\/b><\/h5>\n<p>Par couleurs.<\/p>\n<p>&nbsp;<\/p>\n<h5><b>NORMES TECHNIQUES<\/b><\/h5>\n<p>&#8211; NF EN 50 525-2-11<br \/>\n&#8211; NM EN 50 525-2-11\n<\/ul>\n<p>&nbsp;<\/p>\n<h5><b>TENSION NOMINALE \/ D\u2019ESSAI \/ MAXIMALE<\/b><\/h5>\n<p>&#8211; Tension nominale : 300\/500 V.<br \/>\n&#8211; Tension d\u2019essai : 2000 V.<br \/>\n&#8211; Temp\u00e9rature maximale sur l\u2019\u00e2me : 70\u00b0C en service permanent, 160\u00b0C en court-circuit.<\/p>\n","protected":false},"excerpt":{"rendered":"<div align=\"right\"><a class=\"button\" href=\"https:\/\/www.tumagcables.com\/wp-content\/uploads\/catalogue\/2-FR-N05-VV-U--2-FR-N05-VV-R.pdf\">T\u00e9l\u00e9charger fiche PDF<\/a><\/div>\n<h5><strong>UTILISATION<\/strong><\/h5>\n<p>\u00c9quipement des installations domestiques courantes, logements et locaux similaires.<\/p>\n<p>&nbsp;<\/p>\n<h5><strong>MODE DE POSE<\/strong><\/h5>\n<p>\u00c0 l\u2019air libre, en int\u00e9rieur : fixation sur supports.<\/p>\n<p>&nbsp;<\/p>\n<h5><strong>NORMES TECHNIQUES<\/strong><\/h5>\n<p>&#8211; NF EN 50 525-2-11<br \/>\n&#8211; NM EN 50 525-2-11<\/p>\n","protected":false},"featured_media":3839,"template":"","meta":{"_exactmetrics_skip_tracking":false,"_exactmetrics_sitenote_active":false,"_exactmetrics_sitenote_note":"","_exactmetrics_sitenote_category":0},"product_brand":[],"product_cat":[58,41],"product_tag":[],"class_list":{"0":"post-400","1":"product","2":"type-product","3":"status-publish","4":"has-post-thumbnail","6":"product_cat-cables-domestiques-rigides","7":"product_cat-fils-et-cables-domestiques","9":"first","10":"instock","11":"shipping-taxable","12":"product-type-simple"},"yoast_head":"<!-- This site is optimized with the Yoast SEO plugin v26.9 - https:\/\/yoast.com\/product\/yoast-seo-wordpress\/ -->\n<title>C\u00e2bles domestiques rigides FR-N05 VV-U \/ FR-N05 VV-R (U500 VGV) | TUMAG c\u00e2bles<\/title>\n<meta name=\"robots\" content=\"index, follow, max-snippet:-1, max-image-preview:large, max-video-preview:-1\" \/>\n<link rel=\"canonical\" href=\"https:\/\/www.tumagcables.com\/fr\/cable\/cables-domestiques-rigides-fr-n05-vv-u-fr-n05-vv-r-u500-vgv\/\" \/>\n<meta property=\"og:locale\" content=\"fr_FR\" \/>\n<meta property=\"og:type\" content=\"article\" \/>\n<meta property=\"og:title\" content=\"[:fr]C\u00e2bles domestiques rigides FR-N05 VV-U \/ FR-N05 VV-R (U500 VGV)[:en]Domestic rigid cables FR-N05 VV-U \/ FR-N05 VV-R (U500 VGV)[:] | TUMAG c\u00e2bles\" \/>\n<meta property=\"og:description\" content=\"T\u00e9l\u00e9charger fiche PDF UTILISATION \u00c9quipement des installations domestiques courantes, logements et locaux similaires.  &nbsp; MODE DE POSE \u00c0 l\u2019air libre, en int\u00e9rieur : fixation sur supports.  &nbsp; NORMES TECHNIQUES - NF EN 50 525-2-11 - NM EN 50 525-2-11\" \/>\n<meta property=\"og:url\" content=\"https:\/\/www.tumagcables.com\/fr\/cable\/cables-domestiques-rigides-fr-n05-vv-u-fr-n05-vv-r-u500-vgv\/\" \/>\n<meta property=\"og:site_name\" content=\"TUMAG c\u00e2bles\" \/>\n<meta property=\"article:modified_time\" content=\"2020-01-21T10:48:28+00:00\" \/>\n<meta property=\"og:image\" content=\"https:\/\/www.tumagcables.com\/wp-content\/uploads\/2017\/07\/DOM-R-2-1-FR-N05-VV-U-2x25mm2-1.jpg\" \/>\n\t<meta property=\"og:image:width\" content=\"1000\" \/>\n\t<meta property=\"og:image:height\" content=\"1000\" \/>\n\t<meta property=\"og:image:type\" content=\"image\/jpeg\" \/>\n<meta name=\"twitter:card\" content=\"summary_large_image\" \/>\n<meta name=\"twitter:label1\" content=\"Dur\u00e9e de lecture estim\u00e9e\" \/>\n\t<meta name=\"twitter:data1\" content=\"1 minute\" \/>\n<script type=\"application\/ld+json\" class=\"yoast-schema-graph\">{\"@context\":\"https:\/\/schema.org\",\"@graph\":[{\"@type\":\"WebPage\",\"@id\":\"https:\/\/www.tumagcables.com\/fr\/cable\/cables-domestiques-rigides-fr-n05-vv-u-fr-n05-vv-r-u500-vgv\/\",\"url\":\"https:\/\/www.tumagcables.com\/fr\/cable\/cables-domestiques-rigides-fr-n05-vv-u-fr-n05-vv-r-u500-vgv\/\",\"name\":\"[:fr]C\u00e2bles domestiques rigides FR-N05 VV-U \/ FR-N05 VV-R (U500 VGV)[:en]Domestic rigid cables FR-N05 VV-U \/ FR-N05 VV-R (U500 VGV)[:] | TUMAG c\u00e2bles\",\"isPartOf\":{\"@id\":\"https:\/\/www.tumagcables.com\/fr\/#website\"},\"primaryImageOfPage\":{\"@id\":\"https:\/\/www.tumagcables.com\/fr\/cable\/cables-domestiques-rigides-fr-n05-vv-u-fr-n05-vv-r-u500-vgv\/#primaryimage\"},\"image\":{\"@id\":\"https:\/\/www.tumagcables.com\/fr\/cable\/cables-domestiques-rigides-fr-n05-vv-u-fr-n05-vv-r-u500-vgv\/#primaryimage\"},\"thumbnailUrl\":\"https:\/\/www.tumagcables.com\/wp-content\/uploads\/2017\/07\/DOM-R-2-1-FR-N05-VV-U-2x25mm2-1.jpg\",\"datePublished\":\"2017-07-30T18:05:05+00:00\",\"dateModified\":\"2020-01-21T10:48:28+00:00\",\"breadcrumb\":{\"@id\":\"https:\/\/www.tumagcables.com\/fr\/cable\/cables-domestiques-rigides-fr-n05-vv-u-fr-n05-vv-r-u500-vgv\/#breadcrumb\"},\"inLanguage\":\"fr-FR\",\"potentialAction\":[{\"@type\":\"ReadAction\",\"target\":[\"https:\/\/www.tumagcables.com\/fr\/cable\/cables-domestiques-rigides-fr-n05-vv-u-fr-n05-vv-r-u500-vgv\/\"]}]},{\"@type\":\"ImageObject\",\"inLanguage\":\"fr-FR\",\"@id\":\"https:\/\/www.tumagcables.com\/fr\/cable\/cables-domestiques-rigides-fr-n05-vv-u-fr-n05-vv-r-u500-vgv\/#primaryimage\",\"url\":\"https:\/\/www.tumagcables.com\/wp-content\/uploads\/2017\/07\/DOM-R-2-1-FR-N05-VV-U-2x25mm2-1.jpg\",\"contentUrl\":\"https:\/\/www.tumagcables.com\/wp-content\/uploads\/2017\/07\/DOM-R-2-1-FR-N05-VV-U-2x25mm2-1.jpg\",\"width\":1000,\"height\":1000},{\"@type\":\"BreadcrumbList\",\"@id\":\"https:\/\/www.tumagcables.com\/fr\/cable\/cables-domestiques-rigides-fr-n05-vv-u-fr-n05-vv-r-u500-vgv\/#breadcrumb\",\"itemListElement\":[{\"@type\":\"ListItem\",\"position\":1,\"name\":\"Home\",\"item\":\"https:\/\/www.tumagcables.com\/fr\/\"},{\"@type\":\"ListItem\",\"position\":2,\"name\":\"Nos c\u00e2bles\",\"item\":\"https:\/\/www.tumagcables.com\/fr\/nos-cables\/\"},{\"@type\":\"ListItem\",\"position\":3,\"name\":\"C\u00e2bles domestiques rigides FR-N05 VV-U \/ FR-N05 VV-R (U500 VGV)\"}]},{\"@type\":\"WebSite\",\"@id\":\"https:\/\/www.tumagcables.com\/fr\/#website\",\"url\":\"https:\/\/www.tumagcables.com\/fr\/\",\"name\":\"TUMAG c\u00e2bles\",\"description\":\"Sp\u00e9cialiste en fabrication des fils et c\u00e2bles \u00e9lectriques.\",\"publisher\":{\"@id\":\"https:\/\/www.tumagcables.com\/fr\/#organization\"},\"potentialAction\":[{\"@type\":\"SearchAction\",\"target\":{\"@type\":\"EntryPoint\",\"urlTemplate\":\"https:\/\/www.tumagcables.com\/fr\/?s={search_term_string}\"},\"query-input\":{\"@type\":\"PropertyValueSpecification\",\"valueRequired\":true,\"valueName\":\"search_term_string\"}}],\"inLanguage\":\"fr-FR\"},{\"@type\":\"Organization\",\"@id\":\"https:\/\/www.tumagcables.com\/fr\/#organization\",\"name\":\"Tumag C\u00e2bles\",\"url\":\"https:\/\/www.tumagcables.com\/fr\/\",\"logo\":{\"@type\":\"ImageObject\",\"inLanguage\":\"fr-FR\",\"@id\":\"https:\/\/www.tumagcables.com\/fr\/#\/schema\/logo\/image\/\",\"url\":\"https:\/\/www.tumagcables.com\/wp-content\/uploads\/2017\/06\/logo@2x.png\",\"contentUrl\":\"https:\/\/www.tumagcables.com\/wp-content\/uploads\/2017\/06\/logo@2x.png\",\"width\":424,\"height\":150,\"caption\":\"Tumag C\u00e2bles\"},\"image\":{\"@id\":\"https:\/\/www.tumagcables.com\/fr\/#\/schema\/logo\/image\/\"},\"sameAs\":[\"https:\/\/www.linkedin.com\/company\/18293891\/\"]}]}<\/script>\n<!-- \/ Yoast SEO plugin. -->","yoast_head_json":{"title":"[:fr]C\u00e2bles domestiques rigides FR-N05 VV-U \/ FR-N05 VV-R (U500 VGV)[:en]Domestic rigid cables FR-N05 VV-U \/ FR-N05 VV-R (U500 VGV)[:] | TUMAG c\u00e2bles","robots":{"index":"index","follow":"follow","max-snippet":"max-snippet:-1","max-image-preview":"max-image-preview:large","max-video-preview":"max-video-preview:-1"},"canonical":"https:\/\/www.tumagcables.com\/fr\/cable\/cables-domestiques-rigides-fr-n05-vv-u-fr-n05-vv-r-u500-vgv\/","og_locale":"fr_FR","og_type":"article","og_title":"[:fr]C\u00e2bles domestiques rigides FR-N05 VV-U \/ FR-N05 VV-R (U500 VGV)[:en]Domestic rigid cables FR-N05 VV-U \/ FR-N05 VV-R (U500 VGV)[:] | TUMAG c\u00e2bles","og_description":"T\u00e9l\u00e9charger fiche PDF UTILISATION \u00c9quipement des installations domestiques courantes, logements et locaux similaires.  &nbsp; MODE DE POSE \u00c0 l\u2019air libre, en int\u00e9rieur : fixation sur supports.  &nbsp; NORMES TECHNIQUES - NF EN 50 525-2-11 - NM EN 50 525-2-11","og_url":"https:\/\/www.tumagcables.com\/fr\/cable\/cables-domestiques-rigides-fr-n05-vv-u-fr-n05-vv-r-u500-vgv\/","og_site_name":"TUMAG c\u00e2bles","article_modified_time":"2020-01-21T10:48:28+00:00","og_image":[{"width":1000,"height":1000,"url":"https:\/\/www.tumagcables.com\/wp-content\/uploads\/2017\/07\/DOM-R-2-1-FR-N05-VV-U-2x25mm2-1.jpg","type":"image\/jpeg"}],"twitter_card":"summary_large_image","twitter_misc":{"Dur\u00e9e de lecture estim\u00e9e":"1 minute"},"schema":{"@context":"https:\/\/schema.org","@graph":[{"@type":"WebPage","@id":"https:\/\/www.tumagcables.com\/fr\/cable\/cables-domestiques-rigides-fr-n05-vv-u-fr-n05-vv-r-u500-vgv\/","url":"https:\/\/www.tumagcables.com\/fr\/cable\/cables-domestiques-rigides-fr-n05-vv-u-fr-n05-vv-r-u500-vgv\/","name":"[:fr]C\u00e2bles domestiques rigides FR-N05 VV-U \/ FR-N05 VV-R (U500 VGV)[:en]Domestic rigid cables FR-N05 VV-U \/ FR-N05 VV-R (U500 VGV)[:] | TUMAG c\u00e2bles","isPartOf":{"@id":"https:\/\/www.tumagcables.com\/fr\/#website"},"primaryImageOfPage":{"@id":"https:\/\/www.tumagcables.com\/fr\/cable\/cables-domestiques-rigides-fr-n05-vv-u-fr-n05-vv-r-u500-vgv\/#primaryimage"},"image":{"@id":"https:\/\/www.tumagcables.com\/fr\/cable\/cables-domestiques-rigides-fr-n05-vv-u-fr-n05-vv-r-u500-vgv\/#primaryimage"},"thumbnailUrl":"https:\/\/www.tumagcables.com\/wp-content\/uploads\/2017\/07\/DOM-R-2-1-FR-N05-VV-U-2x25mm2-1.jpg","datePublished":"2017-07-30T18:05:05+00:00","dateModified":"2020-01-21T10:48:28+00:00","breadcrumb":{"@id":"https:\/\/www.tumagcables.com\/fr\/cable\/cables-domestiques-rigides-fr-n05-vv-u-fr-n05-vv-r-u500-vgv\/#breadcrumb"},"inLanguage":"fr-FR","potentialAction":[{"@type":"ReadAction","target":["https:\/\/www.tumagcables.com\/fr\/cable\/cables-domestiques-rigides-fr-n05-vv-u-fr-n05-vv-r-u500-vgv\/"]}]},{"@type":"ImageObject","inLanguage":"fr-FR","@id":"https:\/\/www.tumagcables.com\/fr\/cable\/cables-domestiques-rigides-fr-n05-vv-u-fr-n05-vv-r-u500-vgv\/#primaryimage","url":"https:\/\/www.tumagcables.com\/wp-content\/uploads\/2017\/07\/DOM-R-2-1-FR-N05-VV-U-2x25mm2-1.jpg","contentUrl":"https:\/\/www.tumagcables.com\/wp-content\/uploads\/2017\/07\/DOM-R-2-1-FR-N05-VV-U-2x25mm2-1.jpg","width":1000,"height":1000},{"@type":"BreadcrumbList","@id":"https:\/\/www.tumagcables.com\/fr\/cable\/cables-domestiques-rigides-fr-n05-vv-u-fr-n05-vv-r-u500-vgv\/#breadcrumb","itemListElement":[{"@type":"ListItem","position":1,"name":"Home","item":"https:\/\/www.tumagcables.com\/fr\/"},{"@type":"ListItem","position":2,"name":"Nos c\u00e2bles","item":"https:\/\/www.tumagcables.com\/fr\/nos-cables\/"},{"@type":"ListItem","position":3,"name":"C\u00e2bles domestiques rigides FR-N05 VV-U \/ FR-N05 VV-R (U500 VGV)"}]},{"@type":"WebSite","@id":"https:\/\/www.tumagcables.com\/fr\/#website","url":"https:\/\/www.tumagcables.com\/fr\/","name":"TUMAG c\u00e2bles","description":"Sp\u00e9cialiste en fabrication des fils et c\u00e2bles \u00e9lectriques.","publisher":{"@id":"https:\/\/www.tumagcables.com\/fr\/#organization"},"potentialAction":[{"@type":"SearchAction","target":{"@type":"EntryPoint","urlTemplate":"https:\/\/www.tumagcables.com\/fr\/?s={search_term_string}"},"query-input":{"@type":"PropertyValueSpecification","valueRequired":true,"valueName":"search_term_string"}}],"inLanguage":"fr-FR"},{"@type":"Organization","@id":"https:\/\/www.tumagcables.com\/fr\/#organization","name":"Tumag C\u00e2bles","url":"https:\/\/www.tumagcables.com\/fr\/","logo":{"@type":"ImageObject","inLanguage":"fr-FR","@id":"https:\/\/www.tumagcables.com\/fr\/#\/schema\/logo\/image\/","url":"https:\/\/www.tumagcables.com\/wp-content\/uploads\/2017\/06\/logo@2x.png","contentUrl":"https:\/\/www.tumagcables.com\/wp-content\/uploads\/2017\/06\/logo@2x.png","width":424,"height":150,"caption":"Tumag C\u00e2bles"},"image":{"@id":"https:\/\/www.tumagcables.com\/fr\/#\/schema\/logo\/image\/"},"sameAs":["https:\/\/www.linkedin.com\/company\/18293891\/"]}]}},"_links":{"self":[{"href":"https:\/\/www.tumagcables.com\/fr\/wp-json\/wp\/v2\/product\/400","targetHints":{"allow":["GET"]}}],"collection":[{"href":"https:\/\/www.tumagcables.com\/fr\/wp-json\/wp\/v2\/product"}],"about":[{"href":"https:\/\/www.tumagcables.com\/fr\/wp-json\/wp\/v2\/types\/product"}],"wp:featuredmedia":[{"embeddable":true,"href":"https:\/\/www.tumagcables.com\/fr\/wp-json\/wp\/v2\/media\/3839"}],"wp:attachment":[{"href":"https:\/\/www.tumagcables.com\/fr\/wp-json\/wp\/v2\/media?parent=400"}],"wp:term":[{"taxonomy":"product_brand","embeddable":true,"href":"https:\/\/www.tumagcables.com\/fr\/wp-json\/wp\/v2\/product_brand?post=400"},{"taxonomy":"product_cat","embeddable":true,"href":"https:\/\/www.tumagcables.com\/fr\/wp-json\/wp\/v2\/product_cat?post=400"},{"taxonomy":"product_tag","embeddable":true,"href":"https:\/\/www.tumagcables.com\/fr\/wp-json\/wp\/v2\/product_tag?post=400"}],"curies":[{"name":"wp","href":"https:\/\/api.w.org\/{rel}","templated":true}]}}