{"id":909,"date":"2018-12-03T10:26:12","date_gmt":"2018-12-03T10:26:12","guid":{"rendered":"http:\/\/www.tumagcables.com\/fr\/?page_id=909"},"modified":"2018-12-03T10:26:12","modified_gmt":"2018-12-03T10:26:12","slug":"quest-ce-quun-fil-et-un-cable-electrique","status":"publish","type":"page","link":"https:\/\/www.tumagcables.com\/fr\/quest-ce-quun-fil-et-un-cable-electrique\/","title":{"rendered":"Qu\u2019est-ce qu&#8217;un fil et un c\u00e2ble \u00e9lectrique ?"},"content":{"rendered":"<p>Selon la d\u00e9finition de Wikip\u00e9dia, un c\u00e2ble \u00e9lectrique est constitu\u00e9 de plusieurs fils isol\u00e9s, r\u00e9unis dans une gaine protectrice\u00a0simple ou double. C\u2019est un regroupement de fils conducteurs avec parfois un, ou plusieurs, blindage \u00e9lectromagn\u00e9tique int\u00e9rieurs\/ext\u00e9rieur. Un c\u00e2ble \u00e9lectrique peut \u00eatre utilis\u00e9 pour le transport d&#8217;\u00e9nergie \u00e9lectrique mais aussi pour la transmission de donn\u00e9es.<\/p>\n<p>Un fil \u00e9lectrique est le composant \u00e9lectro technique servant au transport de l&#8217;\u00e9lectricit\u00e9, afin de transmettre de l&#8217;\u00e9nergie et de l&#8217;information. Il est constitu\u00e9 d&#8217;un mat\u00e9riau conducteur, mono-brin ou multi-brin, souvent entour\u00e9 d&#8217;une enveloppe isolante. L&#8217;int\u00e9rieur du fil \u00e9lectrique est appel\u00e9e \u00ab \u00e2me \u00bb du fil.\u00a0 L&#8217;\u00e2me peut \u00eatre en cuivre, cuivre nickel\u00e9 ou nickel (m\u00e9tal blanc).<\/p>\n<p>Une installation \u00e9lectrique n\u00e9cessite plusieurs types de conducteurs pour transporter le courant du tableau g\u00e9n\u00e9ral aux diff\u00e9rents points d&#8217;utilisation. Entre les uns et les autres, le choix est avant tout une question de normes.<\/p>\n<h3>Comment choisir les fils et c\u00e2bles \u00e9lectriques?<\/h3>\n<p>Il faut savoir qu\u2019une installation domestique comprend diff\u00e9rents circuits d&#8217;alimentation. Certains de ces circuits peuvent desservir\u00a0plusieurs points d&#8217;utilisation\u00a0(\u00e9clairages, prises, etc.), d\u2019autres sont en revanche sp\u00e9cialis\u00e9s, ils ne desservent qu\u2019un seul appareil \u00e0 la fois:\u00a0plaque de cuisson, four, chauffe-eau, radiateurs \u00e9lectriques, etc.<\/p>\n<p>\u2022 La norme NF C 15-100 d\u00e9finit une section de conducteurs (en mm\u00b2) pour chaque\u00a0besoin sp\u00e9cifique adapt\u00e9e \u00e0 l&#8217;intensit\u00e9 du courant (en Amp\u00e8res)\u00a0que doit supporter le circuit. Il est clair que plus l&#8217;intensit\u00e9 demand\u00e9e est \u00e9lev\u00e9e, plus la section est importante.\u00a0(A titre d\u2019exemples, il faut une section de 1,5 mm\u00b2 pour une intensit\u00e9 du courant de 10 Amp\u00e8res, 2,5 mm\u00b2 pour 16 &#8211; 20 Amp\u00e8res, 4 mm\u00b2 pour 25 Amp\u00e8res, 6 mm\u00b2 pour 32 Amp\u00e8res, etc.). Des sections plus importantes (10, 16, 25 mm\u00b2, etc.) sont n\u00e9cessaires aux liaisons compteur \u00e9lectrique\/disjoncteur d&#8217;abonn\u00e9,\u00a0\u00e0 la mise \u00e0 la terre, au branchement d&#8217;une d\u00e9pendance.<\/p>\n<p>Il est imp\u00e9ratif de s\u2019assurer que la section du c\u00e2ble corresponde \u00e0 la r\u00e9alit\u00e9 du besoin et \u00e0 l\u2019intensit\u00e9 du courant selon les normes en vigueur. Toute recherche d\u2019\u00e9conomies \u00e0 ce titre tant au niveau de la section qu\u2019au niveau de la qualit\u00e9 du mat\u00e9riau conducteur pour mettre votre vie et la vie d\u2019autrui en danger.<\/p>\n<h3>Que signifient les diff\u00e9rentes couleurs des c\u00e2bles\u00a0?<\/h3>\n<p>Les habitations sont le plus souvent desservies en\u00a0courant alternatif monophas\u00e9 (220-230 V). Celui-ci est amen\u00e9 par un conducteur de phase (Ph) et renvoy\u00e9 \u00e0 la centrale par un second conducteur appel\u00e9 neutre (N). La mise \u00e0 la terre prot\u00e8ge toute l&#8217;installation.<\/p>\n<p>Chaque type de fil ou c\u00e2ble est identifi\u00e9 par une couleur normalis\u00e9e.<\/p>\n<ul>\n<li>Neutre : bleu.<\/li>\n<li>Terre : ray\u00e9 jaune\/vert.<\/li>\n<li>Phase : rouge ou tout autre couleur (noir, marron) \u00e0 l&#8217;exception des pr\u00e9c\u00e9dentes.<\/li>\n<\/ul>\n<h3>Que signifient les diff\u00e9rents codes utilis\u00e9s pour l\u2019identification des fils et des c\u00e2bles \u00e9lectriques\u00a0?<\/h3>\n<p>Chaque cat\u00e9gorie de conducteur est nomm\u00e9e par une s\u00e9rie de chiffres et de lettres correspondant \u00e0 ses caract\u00e9ristiques<\/p>\n<p><strong>Fils H07 VU 1,5 mm2\u00a0(celui dont vous allez le plus vous servir)<\/strong><\/p>\n<ul>\n<li><strong>H ou U<\/strong> :\u00a0la premi\u00e8re lettre est un rep\u00e8re national ou international.<\/li>\n<li><strong>07<\/strong> :\u00a0pour 700 V, tension maximale support\u00e9e par le fil.<\/li>\n<li><strong>V<\/strong> :\u00a0gaine isolante en PVC (R pour le PRC).<\/li>\n<li><strong>U<\/strong> :\u00a0\u00e2me en cuivre ; U et R indiquent des \u00e2mes rigides, K une \u00e2me souple.<\/li>\n<li><strong>1,5 mm2<\/strong> :\u00a0la section du fil.<\/li>\n<\/ul>\n<p><strong>C\u00e2bles U1000 R2V 3G 1,5 mm\u00b2<\/strong><\/p>\n<p>Un c\u00e2ble renferme plusieurs conducteurs maintenus entre eux par une ou plusieurs gaines de protection. Le nom des c\u00e2bles reprend le nom des fils suivi :<\/p>\n<ul>\n<li>du nombre de fils contenus.<\/li>\n<li>de la section des fils.<\/li>\n<li>d\u2019un code lettre : G si l\u2019un des fils est pr\u00e9vu pour la terre, X dans le cas contraire.<\/li>\n<\/ul>\n<p><em>Exemple : U1000 R2V 3G 1,5 mm\u00b2. Ce c\u00e2ble contient 3 fils de section 1,5 mm2 dont un\u00a0fil de terre. Sans fil de terre : U1000 R2V 3X 1,5 mm2<\/em><\/p>\n<p><strong>2V<\/strong> : double isolation PVC (fils et enveloppe protectrice).<\/p>","protected":false},"excerpt":{"rendered":"<p>Selon la d\u00e9finition de Wikip\u00e9dia, un c\u00e2ble \u00e9lectrique est constitu\u00e9 de plusieurs fils isol\u00e9s, r\u00e9unis dans une gaine protectrice\u00a0simple ou double. &#8230;<\/p>\n","protected":false},"author":1,"featured_media":887,"parent":0,"menu_order":0,"comment_status":"closed","ping_status":"closed","template":"","meta":{"_exactmetrics_skip_tracking":false,"_exactmetrics_sitenote_active":false,"_exactmetrics_sitenote_note":"","_exactmetrics_sitenote_category":0,"footnotes":""},"class_list":["post-909","page","type-page","status-publish","has-post-thumbnail","hentry"],"yoast_head":"<!-- This site is optimized with the Yoast SEO plugin v26.9 - https:\/\/yoast.com\/product\/yoast-seo-wordpress\/ -->\n<title>Qu\u2019est-ce qu&#039;un fil et un c\u00e2ble \u00e9lectrique ? | TUMAG c\u00e2bles<\/title>\n<meta name=\"robots\" content=\"index, follow, max-snippet:-1, max-image-preview:large, max-video-preview:-1\" \/>\n<link rel=\"canonical\" href=\"https:\/\/www.tumagcables.com\/fr\/quest-ce-quun-fil-et-un-cable-electrique\/\" \/>\n<meta property=\"og:locale\" content=\"fr_FR\" \/>\n<meta property=\"og:type\" content=\"article\" \/>\n<meta property=\"og:title\" content=\"[:fr]Qu\u2019est-ce qu&#039;un fil et un c\u00e2ble \u00e9lectrique ?[:] | TUMAG c\u00e2bles\" \/>\n<meta property=\"og:description\" content=\"Selon la d\u00e9finition de Wikip\u00e9dia, un c\u00e2ble \u00e9lectrique est constitu\u00e9 de plusieurs fils isol\u00e9s, r\u00e9unis dans une gaine protectrice\u00a0simple ou double. ...\" \/>\n<meta property=\"og:url\" content=\"https:\/\/www.tumagcables.com\/fr\/quest-ce-quun-fil-et-un-cable-electrique\/\" \/>\n<meta property=\"og:site_name\" content=\"TUMAG c\u00e2bles\" \/>\n<meta property=\"og:image\" content=\"https:\/\/www.tumagcables.com\/wp-content\/uploads\/2018\/11\/4.jpg\" \/>\n\t<meta property=\"og:image:width\" content=\"1650\" \/>\n\t<meta property=\"og:image:height\" content=\"825\" \/>\n\t<meta property=\"og:image:type\" content=\"image\/jpeg\" \/>\n<meta name=\"twitter:card\" content=\"summary_large_image\" \/>\n<meta name=\"twitter:label1\" content=\"Dur\u00e9e de lecture estim\u00e9e\" \/>\n\t<meta name=\"twitter:data1\" content=\"3 minutes\" \/>\n<script type=\"application\/ld+json\" class=\"yoast-schema-graph\">{\"@context\":\"https:\/\/schema.org\",\"@graph\":[{\"@type\":\"WebPage\",\"@id\":\"https:\/\/www.tumagcables.com\/fr\/quest-ce-quun-fil-et-un-cable-electrique\/\",\"url\":\"https:\/\/www.tumagcables.com\/fr\/quest-ce-quun-fil-et-un-cable-electrique\/\",\"name\":\"[:fr]Qu\u2019est-ce qu'un fil et un c\u00e2ble \u00e9lectrique ?[:] | TUMAG c\u00e2bles\",\"isPartOf\":{\"@id\":\"https:\/\/www.tumagcables.com\/fr\/#website\"},\"primaryImageOfPage\":{\"@id\":\"https:\/\/www.tumagcables.com\/fr\/quest-ce-quun-fil-et-un-cable-electrique\/#primaryimage\"},\"image\":{\"@id\":\"https:\/\/www.tumagcables.com\/fr\/quest-ce-quun-fil-et-un-cable-electrique\/#primaryimage\"},\"thumbnailUrl\":\"https:\/\/www.tumagcables.com\/wp-content\/uploads\/2018\/11\/4.jpg\",\"datePublished\":\"2018-12-03T10:26:12+00:00\",\"breadcrumb\":{\"@id\":\"https:\/\/www.tumagcables.com\/fr\/quest-ce-quun-fil-et-un-cable-electrique\/#breadcrumb\"},\"inLanguage\":\"fr-FR\",\"potentialAction\":[{\"@type\":\"ReadAction\",\"target\":[\"https:\/\/www.tumagcables.com\/fr\/quest-ce-quun-fil-et-un-cable-electrique\/\"]}]},{\"@type\":\"ImageObject\",\"inLanguage\":\"fr-FR\",\"@id\":\"https:\/\/www.tumagcables.com\/fr\/quest-ce-quun-fil-et-un-cable-electrique\/#primaryimage\",\"url\":\"https:\/\/www.tumagcables.com\/wp-content\/uploads\/2018\/11\/4.jpg\",\"contentUrl\":\"https:\/\/www.tumagcables.com\/wp-content\/uploads\/2018\/11\/4.jpg\",\"width\":1650,\"height\":825},{\"@type\":\"BreadcrumbList\",\"@id\":\"https:\/\/www.tumagcables.com\/fr\/quest-ce-quun-fil-et-un-cable-electrique\/#breadcrumb\",\"itemListElement\":[{\"@type\":\"ListItem\",\"position\":1,\"name\":\"Home\",\"item\":\"https:\/\/www.tumagcables.com\/fr\/\"},{\"@type\":\"ListItem\",\"position\":2,\"name\":\"Qu\u2019est-ce qu&#8217;un fil et un c\u00e2ble \u00e9lectrique ?\"}]},{\"@type\":\"WebSite\",\"@id\":\"https:\/\/www.tumagcables.com\/fr\/#website\",\"url\":\"https:\/\/www.tumagcables.com\/fr\/\",\"name\":\"TUMAG c\u00e2bles\",\"description\":\"Sp\u00e9cialiste en fabrication des fils et c\u00e2bles \u00e9lectriques.\",\"publisher\":{\"@id\":\"https:\/\/www.tumagcables.com\/fr\/#organization\"},\"potentialAction\":[{\"@type\":\"SearchAction\",\"target\":{\"@type\":\"EntryPoint\",\"urlTemplate\":\"https:\/\/www.tumagcables.com\/fr\/?s={search_term_string}\"},\"query-input\":{\"@type\":\"PropertyValueSpecification\",\"valueRequired\":true,\"valueName\":\"search_term_string\"}}],\"inLanguage\":\"fr-FR\"},{\"@type\":\"Organization\",\"@id\":\"https:\/\/www.tumagcables.com\/fr\/#organization\",\"name\":\"Tumag C\u00e2bles\",\"url\":\"https:\/\/www.tumagcables.com\/fr\/\",\"logo\":{\"@type\":\"ImageObject\",\"inLanguage\":\"fr-FR\",\"@id\":\"https:\/\/www.tumagcables.com\/fr\/#\/schema\/logo\/image\/\",\"url\":\"https:\/\/www.tumagcables.com\/wp-content\/uploads\/2017\/06\/logo@2x.png\",\"contentUrl\":\"https:\/\/www.tumagcables.com\/wp-content\/uploads\/2017\/06\/logo@2x.png\",\"width\":424,\"height\":150,\"caption\":\"Tumag C\u00e2bles\"},\"image\":{\"@id\":\"https:\/\/www.tumagcables.com\/fr\/#\/schema\/logo\/image\/\"},\"sameAs\":[\"https:\/\/www.linkedin.com\/company\/18293891\/\"]}]}<\/script>\n<!-- \/ Yoast SEO plugin. -->","yoast_head_json":{"title":"[:fr]Qu\u2019est-ce qu'un fil et un c\u00e2ble \u00e9lectrique ?[:] | TUMAG c\u00e2bles","robots":{"index":"index","follow":"follow","max-snippet":"max-snippet:-1","max-image-preview":"max-image-preview:large","max-video-preview":"max-video-preview:-1"},"canonical":"https:\/\/www.tumagcables.com\/fr\/quest-ce-quun-fil-et-un-cable-electrique\/","og_locale":"fr_FR","og_type":"article","og_title":"[:fr]Qu\u2019est-ce qu'un fil et un c\u00e2ble \u00e9lectrique ?[:] | TUMAG c\u00e2bles","og_description":"Selon la d\u00e9finition de Wikip\u00e9dia, un c\u00e2ble \u00e9lectrique est constitu\u00e9 de plusieurs fils isol\u00e9s, r\u00e9unis dans une gaine protectrice\u00a0simple ou double. ...","og_url":"https:\/\/www.tumagcables.com\/fr\/quest-ce-quun-fil-et-un-cable-electrique\/","og_site_name":"TUMAG c\u00e2bles","og_image":[{"width":1650,"height":825,"url":"https:\/\/www.tumagcables.com\/wp-content\/uploads\/2018\/11\/4.jpg","type":"image\/jpeg"}],"twitter_card":"summary_large_image","twitter_misc":{"Dur\u00e9e de lecture estim\u00e9e":"3 minutes"},"schema":{"@context":"https:\/\/schema.org","@graph":[{"@type":"WebPage","@id":"https:\/\/www.tumagcables.com\/fr\/quest-ce-quun-fil-et-un-cable-electrique\/","url":"https:\/\/www.tumagcables.com\/fr\/quest-ce-quun-fil-et-un-cable-electrique\/","name":"[:fr]Qu\u2019est-ce qu'un fil et un c\u00e2ble \u00e9lectrique ?[:] | TUMAG c\u00e2bles","isPartOf":{"@id":"https:\/\/www.tumagcables.com\/fr\/#website"},"primaryImageOfPage":{"@id":"https:\/\/www.tumagcables.com\/fr\/quest-ce-quun-fil-et-un-cable-electrique\/#primaryimage"},"image":{"@id":"https:\/\/www.tumagcables.com\/fr\/quest-ce-quun-fil-et-un-cable-electrique\/#primaryimage"},"thumbnailUrl":"https:\/\/www.tumagcables.com\/wp-content\/uploads\/2018\/11\/4.jpg","datePublished":"2018-12-03T10:26:12+00:00","breadcrumb":{"@id":"https:\/\/www.tumagcables.com\/fr\/quest-ce-quun-fil-et-un-cable-electrique\/#breadcrumb"},"inLanguage":"fr-FR","potentialAction":[{"@type":"ReadAction","target":["https:\/\/www.tumagcables.com\/fr\/quest-ce-quun-fil-et-un-cable-electrique\/"]}]},{"@type":"ImageObject","inLanguage":"fr-FR","@id":"https:\/\/www.tumagcables.com\/fr\/quest-ce-quun-fil-et-un-cable-electrique\/#primaryimage","url":"https:\/\/www.tumagcables.com\/wp-content\/uploads\/2018\/11\/4.jpg","contentUrl":"https:\/\/www.tumagcables.com\/wp-content\/uploads\/2018\/11\/4.jpg","width":1650,"height":825},{"@type":"BreadcrumbList","@id":"https:\/\/www.tumagcables.com\/fr\/quest-ce-quun-fil-et-un-cable-electrique\/#breadcrumb","itemListElement":[{"@type":"ListItem","position":1,"name":"Home","item":"https:\/\/www.tumagcables.com\/fr\/"},{"@type":"ListItem","position":2,"name":"Qu\u2019est-ce qu&#8217;un fil et un c\u00e2ble \u00e9lectrique ?"}]},{"@type":"WebSite","@id":"https:\/\/www.tumagcables.com\/fr\/#website","url":"https:\/\/www.tumagcables.com\/fr\/","name":"TUMAG c\u00e2bles","description":"Sp\u00e9cialiste en fabrication des fils et c\u00e2bles \u00e9lectriques.","publisher":{"@id":"https:\/\/www.tumagcables.com\/fr\/#organization"},"potentialAction":[{"@type":"SearchAction","target":{"@type":"EntryPoint","urlTemplate":"https:\/\/www.tumagcables.com\/fr\/?s={search_term_string}"},"query-input":{"@type":"PropertyValueSpecification","valueRequired":true,"valueName":"search_term_string"}}],"inLanguage":"fr-FR"},{"@type":"Organization","@id":"https:\/\/www.tumagcables.com\/fr\/#organization","name":"Tumag C\u00e2bles","url":"https:\/\/www.tumagcables.com\/fr\/","logo":{"@type":"ImageObject","inLanguage":"fr-FR","@id":"https:\/\/www.tumagcables.com\/fr\/#\/schema\/logo\/image\/","url":"https:\/\/www.tumagcables.com\/wp-content\/uploads\/2017\/06\/logo@2x.png","contentUrl":"https:\/\/www.tumagcables.com\/wp-content\/uploads\/2017\/06\/logo@2x.png","width":424,"height":150,"caption":"Tumag C\u00e2bles"},"image":{"@id":"https:\/\/www.tumagcables.com\/fr\/#\/schema\/logo\/image\/"},"sameAs":["https:\/\/www.linkedin.com\/company\/18293891\/"]}]}},"_links":{"self":[{"href":"https:\/\/www.tumagcables.com\/fr\/wp-json\/wp\/v2\/pages\/909","targetHints":{"allow":["GET"]}}],"collection":[{"href":"https:\/\/www.tumagcables.com\/fr\/wp-json\/wp\/v2\/pages"}],"about":[{"href":"https:\/\/www.tumagcables.com\/fr\/wp-json\/wp\/v2\/types\/page"}],"author":[{"embeddable":true,"href":"https:\/\/www.tumagcables.com\/fr\/wp-json\/wp\/v2\/users\/1"}],"replies":[{"embeddable":true,"href":"https:\/\/www.tumagcables.com\/fr\/wp-json\/wp\/v2\/comments?post=909"}],"version-history":[{"count":1,"href":"https:\/\/www.tumagcables.com\/fr\/wp-json\/wp\/v2\/pages\/909\/revisions"}],"predecessor-version":[{"id":910,"href":"https:\/\/www.tumagcables.com\/fr\/wp-json\/wp\/v2\/pages\/909\/revisions\/910"}],"wp:featuredmedia":[{"embeddable":true,"href":"https:\/\/www.tumagcables.com\/fr\/wp-json\/wp\/v2\/media\/887"}],"wp:attachment":[{"href":"https:\/\/www.tumagcables.com\/fr\/wp-json\/wp\/v2\/media?parent=909"}],"curies":[{"name":"wp","href":"https:\/\/api.w.org\/{rel}","templated":true}]}}