{"id":840,"date":"2018-11-23T10:32:23","date_gmt":"2018-11-23T10:32:23","guid":{"rendered":"http:\/\/www.tumagcables.com\/fr\/?page_id=840"},"modified":"2019-07-22T14:59:56","modified_gmt":"2019-07-22T13:59:56","slug":"carrieres","status":"publish","type":"page","link":"https:\/\/www.tumagcables.com\/fr\/carrieres\/","title":{"rendered":"Carri\u00e8res"},"content":{"rendered":"<div class=\"wpb-content-wrapper\"><p>[vc_row row_type=&#8221;row_full_center_content&#8221; class=&#8221;max_width&#8221; el_class=&#8221;about-tab-box sectpad&#8221;][vc_column][vc_tta_tour shape=&#8221;square&#8221; color=&#8221;white&#8221; active_section=&#8221;1&#8243; el_class=&#8221;margin_both&#8221;][vc_tta_section title=&#8221;PME FAMILIALE?&#8221; tab_id=&#8221;pme-familiale&#8221;][ind_custom_heading heading=&#8221;TRAVAILLER DANS UNE PME FAMILIALE&#8221; colored_line=&#8221;yes&#8221;][vc_column_text el_class=&#8221;single-tab-content&#8221;]TUMAG C\u00e2bles est une soci\u00e9t\u00e9 familiale industrielle dirig\u00e9e, depuis sa cr\u00e9ation en 1977, par la m\u00eame famille.<\/p>\n<h3><strong>Qu\u2019est-ce que une PME familiale\u00a0?<\/strong><\/h3>\n<p>Ce sont la majorit\u00e9 des entreprises. En g\u00e9n\u00e9ral, l\u2019essentiel du capital appartient au fondateur et \u00e0 sa famille, ou \u00e0 ses descendants. Elle est dirig\u00e9e par un membre de la famille avec des proches dans postes de direction.<br \/>\nAlors que les entreprises cot\u00e9es sont soumises au diktat du calendrier boursier, et que l\u2019horizon de leur gestion est celui des r\u00e9sultats semestriels, voire trimestriels, les PME familiales s\u2019inscrivent dans une vision patrimoniale sur le long terme. Il s\u2019agit d\u2019un souci de p\u00e9rennit\u00e9 qui offre beaucoup d\u2019avantages :<\/p>\n<p>&#8211; <strong>La stabilit\u00e9\u00a0:<\/strong>\u00a0les PME familiales, et cela est d\u00e9montr\u00e9 par les \u00e9tudes, courent deux fois moins le risque de d\u00e9poser le bilan que les autres.<\/p>\n<p>&#8211; <strong>La solidit\u00e9\u00a0:<\/strong>\u00a0en cas de crise \u00e9conomique durable ou de difficult\u00e9s passag\u00e8res, il est \u00e9tabli que les entreprises familiales s\u2019en sortent mieux que les autres..<\/p>\n<p>&#8211; <strong>La prudence\u00a0:<\/strong>\u00a0la croissance se fait souvent par auto-financement et gr\u00e2ce au faible taux de distribution des dividendes. Les dirigeants refusent des montages risqu\u00e9s.<\/p>\n<p>&#8211; <strong>L\u2019 investissement\u00a0:<\/strong>\u00a0Une part non n\u00e9gligeable des b\u00e9n\u00e9fices r\u00e9alis\u00e9s est mise de c\u00f4t\u00e9, pour renforcer le haut de bilan et la tr\u00e9sorerie. le capitalisme familial est plus sage que le capitalisme boursier.<\/p>\n<p>Le management des PME familiales est plus efficace. La prise de d\u00e9cision y est plus facile et rapide de part la facilit\u00e9 de concertation entre les dirigeants et les actionnaires (qui peuvent \u00eatre les m\u00eames).<\/p>\n<p>Le management y est plus proche des salari\u00e9s, le dialogue est plus humain ce qui peut aplanir des difficult\u00e9s. En plus, La fid\u00e9lit\u00e9 et l\u2019attachement des employ\u00e9s y sont souvent plus forts.\u00a0La personnalit\u00e9 du fondateur, son histoire personnelle qui se confond avec celle de la soci\u00e9t\u00e9 autorisent et facilitent la projection de l\u2019ensemble du personnel dans un projet d\u2019\u00e9volution important.[\/vc_column_text][\/vc_tta_section][vc_tta_section title=&#8221;POLITIQUE RH&#8221; tab_id=&#8221;politique-rh&#8221;][ind_custom_heading heading=&#8221;Politique RH&#8221; colored_line=&#8221;yes&#8221;][vc_column_text el_class=&#8221;single-tab-content&#8221;]TUMAG C\u00e2bles m\u00e8ne une politique de ressources humaines active visant \u00e0 offrir \u00e0 ses salari\u00e9s des conditions de travail les meilleurs possibles. Il s\u2019agit pour la soci\u00e9t\u00e9 d\u2019un \u00e9l\u00e9ment central dans sa strat\u00e9gie g\u00e9n\u00e9rale de d\u00e9veloppement bas\u00e9e sur les trois grands axes suivants\u00a0:<\/p>\n<h3><strong>Favoriser une politique des r\u00e9mun\u00e9rations efficace et motivante<\/strong><\/h3>\n<p>Le syst\u00e8me de r\u00e9mun\u00e9ration instaur\u00e9 par TUMAG C\u00e2bles a pour objectif de r\u00e9mun\u00e9rer les collaborateurs en fonction de la valeur du travail qu\u2019ils r\u00e9alisent. C\u2019est un \u00e9l\u00e9ment de motivation suppl\u00e9mentaire qui vient r\u00e9compenser les salari\u00e9s pour leur participation \u00e0 la r\u00e9alisation des objectifs de la soci\u00e9t\u00e9.<\/p>\n<p>Cette politique se traduit concr\u00e8tement par des actions au quotidien et de proximit\u00e9s comme (des cadeaux, des aides, etc..) mais aussi \u00e0 travers des mesures concr\u00e8tes permettant une couverture sociale conforme aux dispositions du code du travail incluant une couverture CNSS, une mutuelle ainsi qu\u2019une compl\u00e9mentaire CIMR.<\/p>\n<h3><strong>D\u00e9velopper une politique de formation et de qualification<\/strong><\/h3>\n<p>La politique de formation constitue un \u00e9l\u00e9ment central de la gestion des ressources humaines au sein TUMAG C\u00e2bles. L\u2019objectif sous-tendant l\u2019effort de formation se fonde sur une volont\u00e9 de valorisation du capital humain et d\u2019am\u00e9lioration continue des comp\u00e9tences.<\/p>\n<p>Dans ce sens, les actions de formation engag\u00e9es d\u00e9coulent :<br \/>\n&#8211; d\u2019un plan de formation d\u00e9fini et \u00e9labor\u00e9 en amont par la direction g\u00e9n\u00e9rale avec l\u2019appui du d\u00e9partement des ressources humaines. Ce plan pr\u00e9voit, pour chacun des grands domaines de comp\u00e9tences d\u00e9velopp\u00e9s au sein de l\u2019entreprise des cycles de formation autour de th\u00e8mes adapt\u00e9s ;<br \/>\n&#8211; des demandes individuelles de formation relev\u00e9es essentiellement \u00e0 l\u2019occasion des entretiens d\u2019\u00e9valuation dans un formulaire ad hoc destin\u00e9 par la suite \u00e0 \u00eatre consolid\u00e9 au niveau de toute l\u2019entreprise.<\/p>\n<h3><strong>Instaurer une gestion par objectifs avec des \u00e9valuations annuelles <\/strong><\/h3>\n<p style=\"text-align: center;\"><strong>\u00ab\u00a0Celui qui ne sait pas o\u00f9 il va, a de forte chance d&#8217;arriver ailleurs&#8221;.<\/strong><\/p>\n<p>TUMAG C\u00e2bles a instaur\u00e9 un management par objectifs visant \u00e0 clarifier ce que l&#8217;organisation se propose de faire et d&#8217;en \u00e9valuer l&#8217;efficacit\u00e9. Au niveau des collaborateurs la fixation des objectifs doit :<\/p>\n<p>&#8211; les inciter \u00e0 l&#8217;action, \u00e0 l&#8217;innovation et au changement,<br \/>\n&#8211; renforcer leur motivation individuelle en donnant un sens, un poids et une ambition \u00e0 chaque action,<br \/>\n&#8211; canaliser leurs \u00e9nergies autour de r\u00e9sultats pr\u00e9cis en \u00e9vitant la dispersion,<br \/>\n&#8211; constituer un rep\u00e8re solide pour la fixation de priorit\u00e9s \u00e0 moyen terme,<br \/>\n&#8211; constituer un contrat clair et accept\u00e9 sur un r\u00e9sultat \u00e0 atteindre dans un d\u00e9lai d\u00e9termin\u00e9<\/p>\n<p>La fixation des objectifs est suivie en toute logique par l\u2019\u00e9valuation de leur degr\u00e9 d\u2019atteinte. Ainsi, des \u00e9valuations annuelles sont programm\u00e9es et constituent un moyen de contr\u00f4le fiable pour \u00e9valuer les \u00e9carts \u00e9ventuels entre les r\u00e9sultats obtenus et les r\u00e9sultats attendus.<\/p>\n<p>En plus de constituer un moyen de suivi et de dialogue, ces \u00e9valuations annuelles constituent aussi une opportunit\u00e9 pour mesurer la satisfaction des collaborateurs.[\/vc_column_text][\/vc_tta_section][vc_tta_section title=&#8221;ORGANISATION&#8221; tab_id=&#8221;organisation-et-outils-de-gestion&#8221;][ind_custom_heading heading=&#8221;Organisation et outils de gestion&#8221; colored_line=&#8221;yes&#8221;][vc_column_text]<\/p>\n<p style=\"font-weight: 250;\">TUMAG C\u00e2bles dispose d\u2019un d\u00e9partement des ressources humaines rattach\u00e9 directement \u00e0 la direction g\u00e9n\u00e9rale.<\/p>\n<p style=\"font-weight: 250;\">TUMAG C\u00e2bles s\u2019appuie sur un r\u00e9f\u00e9rentiel \u00ab m\u00e9tier \u00bb de l\u2019emploi et des comp\u00e9tences. Ce r\u00e9f\u00e9rentiel constitue un outil qui permet non seulement de piloter la gestion des emplois, mais aussi d\u2019\u00e9valuer et de valider des comp\u00e9tences, ou encore d\u2019\u00e9laborer et de prescrire des produits et des prestations de formation.<\/p>\n<h3><strong>Les cahiers des charges des collaborateurs bas\u00e9s sur ce r\u00e9f\u00e9rentiel permet de :<\/strong><\/h3>\n<p style=\"font-weight: 250;\">&#8211; pr\u00e9ciser le r\u00f4le, les responsabilit\u00e9s principales du poste, ainsi que les activit\u00e9s qui en d\u00e9coulent\u00a0;<br \/>\n&#8211; d\u00e9gager les exigences prioritaires pour r\u00e9aliser les prestations attendues\u00a0;<br \/>\n&#8211; identifier l\u2019ensemble des connaissances et des comp\u00e9tences requises pour assumer de mani\u00e8re satisfaisante les responsabilit\u00e9s du poste\u00a0;<br \/>\n&#8211; communiquer de mani\u00e8re claire au titulaire le r\u00f4le et les prestations attendues dans son poste.<\/p>\n<h3><strong>Les recrutements se d\u00e9roulent en g\u00e9n\u00e9ral selon la proc\u00e9dure suivante\u00a0:<\/strong><\/h3>\n<p style=\"font-weight: 250;\">1. Postulation \u00e0 travers notre site internet ou tout autre moyen ad\u00e9quat.<br \/>\n2. Premi\u00e8re \u00e9valuation et analyse de la candidature par un comit\u00e9 \u00e0 d\u00e9finir en fonction du poste \u00e0 pourvoir ou \u00e0 repourvoir.<br \/>\n3. en cas d\u2019int\u00e9r\u00eat, invitation \u00e0 un entretien avec le comit\u00e9 concern\u00e9e par le recrutement.<br \/>\nL\u2019entretien doit permettre de recueillir et de communiquer de l\u2019information au candidat selon \u00e9l\u00e9ments suivants\u00a0:<br \/>\n&#8211; Accueil du candidat, information sur l\u2019entreprise et le poste;<br \/>\n&#8211; Motivation et int\u00e9r\u00eat pour l\u2019entreprise et le poste;<br \/>\n&#8211; Pertinence de la formation;<br \/>\n&#8211; Pertinence de l\u2019exp\u00e9rience;<br \/>\n&#8211; Mises en situation concr\u00e8tes reli\u00e9es aux t\u00e2ches op\u00e9rationnelles du poste;<br \/>\n&#8211; Caract\u00e9ristiques personnelles;<br \/>\n&#8211; R\u00e9f\u00e9rences.<br \/>\n4. Selon le r\u00e9sultat de l\u2019entretien, une proposition d\u2019embauche est propos\u00e9e au candidat<br \/>\n5. Mise en place du cursus d\u2019int\u00e9gration et de formation<\/p>\n<p>[\/vc_column_text][\/vc_tta_section][vc_tta_section title=&#8221;POSTES \u00c0 POURVOIR&#8221; tab_id=&#8221;postes-vacants&#8221;][ind_custom_heading heading=&#8221;POSTES \u00c0 POURVOIR&#8221; colored_line=&#8221;yes&#8221;][vc_column_text]Ci-dessous le descriptif des postes \u00e0 pourvoir.<br \/>\nNous restons ouverts aux candidatures spontan\u00e9es toute l&#8217;ann\u00e9e.<br \/>\nPri\u00e8re de remplir le formulaire de candidature dans l&#8217;onglet &#8220;Postuler&#8221;.[\/vc_column_text][vc_empty_space][vc_media_grid grid_id=&#8221;vc_gid:1563803802013-a97e176a-9b80-1&#8243; include=&#8221;2328,2329,2330&#8243;][\/vc_tta_section][vc_tta_section title=&#8221;VOTRE CANDIDATURE&#8221; tab_id=&#8221;votre-candidature&#8221;]\n<div class=\"wpcf7 no-js\" id=\"wpcf7-f874-o1\" lang=\"fr-FR\" dir=\"ltr\" data-wpcf7-id=\"874\">\n<div class=\"screen-reader-response\"><p role=\"status\" aria-live=\"polite\" aria-atomic=\"true\"><\/p> <ul><\/ul><\/div>\n<form action=\"\/fr\/wp-json\/wp\/v2\/pages\/840#wpcf7-f874-o1\" method=\"post\" class=\"wpcf7-form init\" aria-label=\"Formulaire de contact\" enctype=\"multipart\/form-data\" novalidate=\"novalidate\" data-status=\"init\">\n<fieldset class=\"hidden-fields-container\"><input type=\"hidden\" name=\"_wpcf7\" value=\"874\" \/><input type=\"hidden\" name=\"_wpcf7_version\" value=\"6.1.5\" \/><input type=\"hidden\" name=\"_wpcf7_locale\" value=\"fr_FR\" \/><input type=\"hidden\" name=\"_wpcf7_unit_tag\" value=\"wpcf7-f874-o1\" \/><input type=\"hidden\" name=\"_wpcf7_container_post\" value=\"0\" \/><input type=\"hidden\" name=\"_wpcf7_posted_data_hash\" value=\"\" \/>\n<\/fieldset>\n<div class=\"custom-heading wpb_content_element \">\n\t<h2 class=\"heading-title\"> VOTRE CANDIDATURE\n\t<\/h2>\n<\/div>\n<div style=\"font-style: italic;\">\n\t<p>Les champs marqu\u00e9s d'une (*) sont obligatoires.\n\t<\/p>\n<\/div>\n<p><label> Votre Nom (*)<br \/>\n<span class=\"wpcf7-form-control-wrap\" data-name=\"your-name\"><input size=\"40\" maxlength=\"400\" class=\"wpcf7-form-control wpcf7-text wpcf7-validates-as-required\" aria-required=\"true\" aria-invalid=\"false\" value=\"\" type=\"text\" name=\"your-name\" \/><\/span> <\/label>\n<\/p>\n<p><label> Votre Pr\u00e9nom (*)<br \/>\n<span class=\"wpcf7-form-control-wrap\" data-name=\"your-firstname\"><input size=\"40\" maxlength=\"400\" class=\"wpcf7-form-control wpcf7-text wpcf7-validates-as-required\" aria-required=\"true\" aria-invalid=\"false\" value=\"\" type=\"text\" name=\"your-firstname\" \/><\/span> <\/label>\n<\/p>\n<p><label> Poste s\u00e9lectionn\u00e9 (*)<br \/>\n<span class=\"wpcf7-form-control-wrap\" data-name=\"menu-554\"><select class=\"wpcf7-form-control wpcf7-select wpcf7-validates-as-required\" aria-required=\"true\" aria-invalid=\"false\" name=\"menu-554\"><option value=\"Contr\u00f4leur de gestion industriel\">Contr\u00f4leur de gestion industriel<\/option><option value=\"Responsable Qualit\u00e9\">Responsable Qualit\u00e9<\/option><option value=\"Responsable Maintenance\">Responsable Maintenance<\/option><option value=\"Candidature spontan\u00e9e\">Candidature spontan\u00e9e<\/option><\/select><\/span><\/label>\n<\/p>\n<p><label> Date de Naissance jj\/mm\/aaaa (*)<br \/>\n<span class=\"wpcf7-form-control-wrap\" data-name=\"date-de-naissance\"><input size=\"40\" maxlength=\"400\" class=\"wpcf7-form-control wpcf7-text wpcf7-validates-as-required\" aria-required=\"true\" aria-invalid=\"false\" placeholder=\"jj\/mm\/aaaa\" value=\"\" type=\"text\" name=\"date-de-naissance\" \/><\/span> <\/label>\n<\/p>\n<p><label> Votre Adresse (*)<br \/>\n<span class=\"wpcf7-form-control-wrap\" data-name=\"your-address\"><input size=\"40\" maxlength=\"400\" class=\"wpcf7-form-control wpcf7-text wpcf7-validates-as-required\" aria-required=\"true\" aria-invalid=\"false\" value=\"\" type=\"text\" name=\"your-address\" \/><\/span> <\/label>\n<\/p>\n<p><label> Code Postal (*)<br \/>\n<span class=\"wpcf7-form-control-wrap\" data-name=\"your-postal-code\"><input size=\"40\" maxlength=\"400\" class=\"wpcf7-form-control wpcf7-text wpcf7-validates-as-required\" aria-required=\"true\" aria-invalid=\"false\" value=\"\" type=\"text\" name=\"your-postal-code\" \/><\/span> <\/label>\n<\/p>\n<p><label> Ville (*)<br \/>\n<span class=\"wpcf7-form-control-wrap\" data-name=\"your-city\"><input size=\"40\" maxlength=\"400\" class=\"wpcf7-form-control wpcf7-text wpcf7-validates-as-required\" aria-required=\"true\" aria-invalid=\"false\" value=\"\" type=\"text\" name=\"your-city\" \/><\/span> <\/label>\n<\/p>\n<p><label> Pays (*)<br \/>\n<span class=\"wpcf7-form-control-wrap\" data-name=\"your-country\"><input size=\"40\" maxlength=\"400\" class=\"wpcf7-form-control wpcf7-text wpcf7-validates-as-required\" aria-required=\"true\" aria-invalid=\"false\" value=\"\" type=\"text\" name=\"your-country\" \/><\/span> <\/label>\n<\/p>\n<p><label> T\u00e9l\u00e9phone (*)<br \/>\n<span class=\"wpcf7-form-control-wrap\" data-name=\"your-phone\"><input size=\"40\" maxlength=\"400\" class=\"wpcf7-form-control wpcf7-text wpcf7-validates-as-required\" aria-required=\"true\" aria-invalid=\"false\" value=\"\" type=\"text\" name=\"your-phone\" \/><\/span> <\/label>\n<\/p>\n<p><label> Votre Adresse de Messagerie (*)<br \/>\n<span class=\"wpcf7-form-control-wrap\" data-name=\"your-email\"><input size=\"40\" maxlength=\"400\" class=\"wpcf7-form-control wpcf7-email wpcf7-validates-as-required wpcf7-text wpcf7-validates-as-email\" aria-required=\"true\" aria-invalid=\"false\" value=\"\" type=\"email\" name=\"your-email\" \/><\/span> <\/label>\n<\/p>\n<p><label> Votre CV (*, format PDF, max 2MB)<br \/>\n<span class=\"wpcf7-form-control-wrap\" data-name=\"file-CV\"><input size=\"40\" class=\"wpcf7-form-control wpcf7-file wpcf7-validates-as-required\" accept=\"audio\/*,video\/*,image\/*\" aria-required=\"true\" aria-invalid=\"false\" type=\"file\" name=\"file-CV\" \/><\/span><br \/>\n<\/label><label> Votre Lettre de Motivation (*, format PDF, max 2MB)<br \/>\n<span class=\"wpcf7-form-control-wrap\" data-name=\"file-motivation\"><input size=\"40\" class=\"wpcf7-form-control wpcf7-file wpcf7-validates-as-required\" accept=\"audio\/*,video\/*,image\/*\" aria-required=\"true\" aria-invalid=\"false\" type=\"file\" name=\"file-motivation\" \/><\/span><br \/>\n<input class=\"wpcf7-form-control wpcf7-submit has-spinner\" type=\"submit\" value=\"Envoyer\" \/><\/label>\n<\/p><p style=\"display: none !important;\" class=\"akismet-fields-container\" data-prefix=\"_wpcf7_ak_\"><label>&#916;<textarea name=\"_wpcf7_ak_hp_textarea\" cols=\"45\" rows=\"8\" maxlength=\"100\"><\/textarea><\/label><input type=\"hidden\" id=\"ak_js_1\" name=\"_wpcf7_ak_js\" value=\"243\"\/><script>document.getElementById( \"ak_js_1\" ).setAttribute( \"value\", ( new Date() ).getTime() );<\/script><\/p><div class=\"wpcf7-response-output\" aria-hidden=\"true\"><\/div>\n<\/form>\n<\/div>\n[\/vc_tta_section][\/vc_tta_tour][\/vc_column][\/vc_row]<\/p>\n<\/div>","protected":false},"excerpt":{"rendered":"<p>[vc_row row_type=&#8221;row_full_center_content&#8221; class=&#8221;max_width&#8221; el_class=&#8221;about-tab-box sectpad&#8221;][vc_column][vc_tta_tour shape=&#8221;square&#8221; color=&#8221;white&#8221; active_section=&#8221;1&#8243; el_class=&#8221;margin_both&#8221;][vc_tta_section title=&#8221;PME FAMILIALE?&#8221; tab_id=&#8221;pme-familiale&#8221;][ind_custom_heading heading=&#8221;TRAVAILLER DANS UNE PME FAMILIALE&#8221; colored_line=&#8221;yes&#8221;][vc_column_text el_class=&#8221;single-tab-content&#8221;]TUMAG C\u00e2bles est &#8230;<\/p>\n","protected":false},"author":1,"featured_media":0,"parent":0,"menu_order":0,"comment_status":"closed","ping_status":"closed","template":"","meta":{"_exactmetrics_skip_tracking":false,"_exactmetrics_sitenote_active":false,"_exactmetrics_sitenote_note":"","_exactmetrics_sitenote_category":0,"footnotes":""},"class_list":["post-840","page","type-page","status-publish","hentry"],"yoast_head":"<!-- This site is optimized with the Yoast SEO plugin v26.9 - https:\/\/yoast.com\/product\/yoast-seo-wordpress\/ -->\n<title>Carri\u00e8res | TUMAG c\u00e2bles<\/title>\n<meta name=\"robots\" content=\"index, follow, max-snippet:-1, max-image-preview:large, max-video-preview:-1\" \/>\n<link rel=\"canonical\" href=\"https:\/\/www.tumagcables.com\/fr\/carrieres\/\" \/>\n<meta property=\"og:locale\" content=\"fr_FR\" \/>\n<meta property=\"og:type\" content=\"article\" \/>\n<meta property=\"og:title\" content=\"[:fr]Carri\u00e8res[:en]Careers[:] | TUMAG c\u00e2bles\" \/>\n<meta property=\"og:description\" content=\"[vc_row row_type=&#8221;row_full_center_content&#8221; class=&#8221;max_width&#8221; el_class=&#8221;about-tab-box sectpad&#8221;][vc_column][vc_tta_tour shape=&#8221;square&#8221; color=&#8221;white&#8221; active_section=&#8221;1&#8243; el_class=&#8221;margin_both&#8221;][vc_tta_section title=&#8221;PME FAMILIALE?&#8221; tab_id=&#8221;pme-familiale&#8221;][ind_custom_heading heading=&#8221;TRAVAILLER DANS UNE PME FAMILIALE&#8221; colored_line=&#8221;yes&#8221;][vc_column_text el_class=&#8221;single-tab-content&#8221;]TUMAG C\u00e2bles est ...\" \/>\n<meta property=\"og:url\" content=\"https:\/\/www.tumagcables.com\/fr\/carrieres\/\" \/>\n<meta property=\"og:site_name\" content=\"TUMAG c\u00e2bles\" \/>\n<meta property=\"article:modified_time\" content=\"2019-07-22T13:59:56+00:00\" \/>\n<meta name=\"twitter:card\" content=\"summary_large_image\" \/>\n<meta name=\"twitter:label1\" content=\"Dur\u00e9e de lecture estim\u00e9e\" \/>\n\t<meta name=\"twitter:data1\" content=\"13 minutes\" \/>\n<script type=\"application\/ld+json\" class=\"yoast-schema-graph\">{\"@context\":\"https:\/\/schema.org\",\"@graph\":[{\"@type\":\"WebPage\",\"@id\":\"https:\/\/www.tumagcables.com\/fr\/carrieres\/\",\"url\":\"https:\/\/www.tumagcables.com\/fr\/carrieres\/\",\"name\":\"[:fr]Carri\u00e8res[:en]Careers[:] | TUMAG c\u00e2bles\",\"isPartOf\":{\"@id\":\"https:\/\/www.tumagcables.com\/fr\/#website\"},\"datePublished\":\"2018-11-23T10:32:23+00:00\",\"dateModified\":\"2019-07-22T13:59:56+00:00\",\"breadcrumb\":{\"@id\":\"https:\/\/www.tumagcables.com\/fr\/carrieres\/#breadcrumb\"},\"inLanguage\":\"fr-FR\",\"potentialAction\":[{\"@type\":\"ReadAction\",\"target\":[\"https:\/\/www.tumagcables.com\/fr\/carrieres\/\"]}]},{\"@type\":\"BreadcrumbList\",\"@id\":\"https:\/\/www.tumagcables.com\/fr\/carrieres\/#breadcrumb\",\"itemListElement\":[{\"@type\":\"ListItem\",\"position\":1,\"name\":\"Home\",\"item\":\"https:\/\/www.tumagcables.com\/fr\/\"},{\"@type\":\"ListItem\",\"position\":2,\"name\":\"Carri\u00e8res\"}]},{\"@type\":\"WebSite\",\"@id\":\"https:\/\/www.tumagcables.com\/fr\/#website\",\"url\":\"https:\/\/www.tumagcables.com\/fr\/\",\"name\":\"TUMAG c\u00e2bles\",\"description\":\"Sp\u00e9cialiste en fabrication des fils et c\u00e2bles \u00e9lectriques.\",\"publisher\":{\"@id\":\"https:\/\/www.tumagcables.com\/fr\/#organization\"},\"potentialAction\":[{\"@type\":\"SearchAction\",\"target\":{\"@type\":\"EntryPoint\",\"urlTemplate\":\"https:\/\/www.tumagcables.com\/fr\/?s={search_term_string}\"},\"query-input\":{\"@type\":\"PropertyValueSpecification\",\"valueRequired\":true,\"valueName\":\"search_term_string\"}}],\"inLanguage\":\"fr-FR\"},{\"@type\":\"Organization\",\"@id\":\"https:\/\/www.tumagcables.com\/fr\/#organization\",\"name\":\"Tumag C\u00e2bles\",\"url\":\"https:\/\/www.tumagcables.com\/fr\/\",\"logo\":{\"@type\":\"ImageObject\",\"inLanguage\":\"fr-FR\",\"@id\":\"https:\/\/www.tumagcables.com\/fr\/#\/schema\/logo\/image\/\",\"url\":\"https:\/\/www.tumagcables.com\/wp-content\/uploads\/2017\/06\/logo@2x.png\",\"contentUrl\":\"https:\/\/www.tumagcables.com\/wp-content\/uploads\/2017\/06\/logo@2x.png\",\"width\":424,\"height\":150,\"caption\":\"Tumag C\u00e2bles\"},\"image\":{\"@id\":\"https:\/\/www.tumagcables.com\/fr\/#\/schema\/logo\/image\/\"},\"sameAs\":[\"https:\/\/www.linkedin.com\/company\/18293891\/\"]}]}<\/script>\n<!-- \/ Yoast SEO plugin. -->","yoast_head_json":{"title":"[:fr]Carri\u00e8res[:en]Careers[:] | TUMAG c\u00e2bles","robots":{"index":"index","follow":"follow","max-snippet":"max-snippet:-1","max-image-preview":"max-image-preview:large","max-video-preview":"max-video-preview:-1"},"canonical":"https:\/\/www.tumagcables.com\/fr\/carrieres\/","og_locale":"fr_FR","og_type":"article","og_title":"[:fr]Carri\u00e8res[:en]Careers[:] | TUMAG c\u00e2bles","og_description":"[vc_row row_type=&#8221;row_full_center_content&#8221; class=&#8221;max_width&#8221; el_class=&#8221;about-tab-box sectpad&#8221;][vc_column][vc_tta_tour shape=&#8221;square&#8221; color=&#8221;white&#8221; active_section=&#8221;1&#8243; el_class=&#8221;margin_both&#8221;][vc_tta_section title=&#8221;PME FAMILIALE?&#8221; tab_id=&#8221;pme-familiale&#8221;][ind_custom_heading heading=&#8221;TRAVAILLER DANS UNE PME FAMILIALE&#8221; colored_line=&#8221;yes&#8221;][vc_column_text el_class=&#8221;single-tab-content&#8221;]TUMAG C\u00e2bles est ...","og_url":"https:\/\/www.tumagcables.com\/fr\/carrieres\/","og_site_name":"TUMAG c\u00e2bles","article_modified_time":"2019-07-22T13:59:56+00:00","twitter_card":"summary_large_image","twitter_misc":{"Dur\u00e9e de lecture estim\u00e9e":"13 minutes"},"schema":{"@context":"https:\/\/schema.org","@graph":[{"@type":"WebPage","@id":"https:\/\/www.tumagcables.com\/fr\/carrieres\/","url":"https:\/\/www.tumagcables.com\/fr\/carrieres\/","name":"[:fr]Carri\u00e8res[:en]Careers[:] | TUMAG c\u00e2bles","isPartOf":{"@id":"https:\/\/www.tumagcables.com\/fr\/#website"},"datePublished":"2018-11-23T10:32:23+00:00","dateModified":"2019-07-22T13:59:56+00:00","breadcrumb":{"@id":"https:\/\/www.tumagcables.com\/fr\/carrieres\/#breadcrumb"},"inLanguage":"fr-FR","potentialAction":[{"@type":"ReadAction","target":["https:\/\/www.tumagcables.com\/fr\/carrieres\/"]}]},{"@type":"BreadcrumbList","@id":"https:\/\/www.tumagcables.com\/fr\/carrieres\/#breadcrumb","itemListElement":[{"@type":"ListItem","position":1,"name":"Home","item":"https:\/\/www.tumagcables.com\/fr\/"},{"@type":"ListItem","position":2,"name":"Carri\u00e8res"}]},{"@type":"WebSite","@id":"https:\/\/www.tumagcables.com\/fr\/#website","url":"https:\/\/www.tumagcables.com\/fr\/","name":"TUMAG c\u00e2bles","description":"Sp\u00e9cialiste en fabrication des fils et c\u00e2bles \u00e9lectriques.","publisher":{"@id":"https:\/\/www.tumagcables.com\/fr\/#organization"},"potentialAction":[{"@type":"SearchAction","target":{"@type":"EntryPoint","urlTemplate":"https:\/\/www.tumagcables.com\/fr\/?s={search_term_string}"},"query-input":{"@type":"PropertyValueSpecification","valueRequired":true,"valueName":"search_term_string"}}],"inLanguage":"fr-FR"},{"@type":"Organization","@id":"https:\/\/www.tumagcables.com\/fr\/#organization","name":"Tumag C\u00e2bles","url":"https:\/\/www.tumagcables.com\/fr\/","logo":{"@type":"ImageObject","inLanguage":"fr-FR","@id":"https:\/\/www.tumagcables.com\/fr\/#\/schema\/logo\/image\/","url":"https:\/\/www.tumagcables.com\/wp-content\/uploads\/2017\/06\/logo@2x.png","contentUrl":"https:\/\/www.tumagcables.com\/wp-content\/uploads\/2017\/06\/logo@2x.png","width":424,"height":150,"caption":"Tumag C\u00e2bles"},"image":{"@id":"https:\/\/www.tumagcables.com\/fr\/#\/schema\/logo\/image\/"},"sameAs":["https:\/\/www.linkedin.com\/company\/18293891\/"]}]}},"_links":{"self":[{"href":"https:\/\/www.tumagcables.com\/fr\/wp-json\/wp\/v2\/pages\/840","targetHints":{"allow":["GET"]}}],"collection":[{"href":"https:\/\/www.tumagcables.com\/fr\/wp-json\/wp\/v2\/pages"}],"about":[{"href":"https:\/\/www.tumagcables.com\/fr\/wp-json\/wp\/v2\/types\/page"}],"author":[{"embeddable":true,"href":"https:\/\/www.tumagcables.com\/fr\/wp-json\/wp\/v2\/users\/1"}],"replies":[{"embeddable":true,"href":"https:\/\/www.tumagcables.com\/fr\/wp-json\/wp\/v2\/comments?post=840"}],"version-history":[{"count":40,"href":"https:\/\/www.tumagcables.com\/fr\/wp-json\/wp\/v2\/pages\/840\/revisions"}],"predecessor-version":[{"id":2332,"href":"https:\/\/www.tumagcables.com\/fr\/wp-json\/wp\/v2\/pages\/840\/revisions\/2332"}],"wp:attachment":[{"href":"https:\/\/www.tumagcables.com\/fr\/wp-json\/wp\/v2\/media?parent=840"}],"curies":[{"name":"wp","href":"https:\/\/api.w.org\/{rel}","templated":true}]}}