{"id":178,"date":"2017-02-01T11:26:07","date_gmt":"2017-02-01T10:26:07","guid":{"rendered":"http:\/\/www.themechampion.com\/demo\/industriallst\/?page_id=178"},"modified":"2019-06-18T10:02:47","modified_gmt":"2019-06-18T09:02:47","slug":"contact","status":"publish","type":"page","link":"https:\/\/www.tumagcables.com\/fr\/contact\/","title":{"rendered":"Contact"},"content":{"rendered":"<div class=\"wpb-content-wrapper\"><p>[vc_row el_class=&#8221;core-projects touch&#8221;][vc_column el_class=&#8221;sectpad touch_bg&#8221;][vc_row_inner][vc_column_inner][ind_custom_heading heading=&#8221;CONTACTEZ NOUS&#8221; colored_line=&#8221;yes&#8221;][vc_column_text]N&#8217;h\u00e9sitez pas \u00e0 nous contacter par t\u00e9l\u00e9phone, par email, ou en utilisant le formulaire ci-dessous.<\/p>\n<p>Nous vous r\u00e9pondrons dans les plus brefs d\u00e9lais.<\/p>\n<h6>T\u00e9l\u00e9phone <span class=\"general\">: + 212 522 674 891<br \/>\n<\/span><\/h6>\n<p>[\/vc_column_text][\/vc_column_inner][\/vc_row_inner][vc_row_inner el_class=&#8221;row touch_middle&#8221;][vc_column_inner el_class=&#8221;open_hours&#8221; width=&#8221;1\/3&#8243;][vc_column_text]<\/p>\n<div class=\"touch_top-con\">\n<ul class=\"nav\">\n<li class=\"item\">\n<div class=\"media\">\n<div class=\"media-left\"><a href=\"#\"> <i class=\"fa fa-map-marker\"><\/i><br \/>\n<\/a><\/div>\n<div class=\"media-body\">Rue Med Ben Habib Ben M\u2019barek Quartier Industriel A\u00efn Seb\u00e2a Casablanca \u2013 Maroc B.P. 20250<\/div>\n<\/div>\n<\/li>\n<li class=\"item\">\n<div class=\"media\">\n<div class=\"media-left\"><a href=\"#\"> <i class=\"fa fa-envelope-o\"><\/i><br \/>\n<\/a><\/div>\n<div class=\"media-body\"><a href=\"#\">tumag@tumagcables.com<\/a><\/div>\n<\/div>\n<\/li>\n<li class=\"item\">\n<div class=\"media\">\n<div class=\"media-left\"><a href=\"#\"> <i class=\"fa fa-phone\"><\/i><br \/>\n<\/a><\/div>\n<div class=\"media-body\">TEL : +\u00a0212(0)522 674 891 \/ +\u00a0212(0)522 353 059<br \/>\nFAX : + 212(0)522 674 890 \/ +\u00a0212(0)522 350 731<\/div>\n<\/div>\n<\/li>\n<\/ul>\n<\/div>\n<p>[\/vc_column_text][\/vc_column_inner][vc_column_inner el_class=&#8221;input_form&#8221; width=&#8221;2\/3&#8243;]\n<div class=\"wpcf7 no-js\" id=\"wpcf7-f4-o1\" lang=\"fr-FR\" dir=\"ltr\" data-wpcf7-id=\"4\">\n<div class=\"screen-reader-response\"><p role=\"status\" aria-live=\"polite\" aria-atomic=\"true\"><\/p> <ul><\/ul><\/div>\n<form action=\"\/fr\/wp-json\/wp\/v2\/pages\/178#wpcf7-f4-o1\" method=\"post\" class=\"wpcf7-form init\" aria-label=\"Formulaire de contact\" novalidate=\"novalidate\" data-status=\"init\">\n<fieldset class=\"hidden-fields-container\"><input type=\"hidden\" name=\"_wpcf7\" value=\"4\" \/><input type=\"hidden\" name=\"_wpcf7_version\" value=\"6.1.5\" \/><input type=\"hidden\" name=\"_wpcf7_locale\" value=\"fr_FR\" \/><input type=\"hidden\" name=\"_wpcf7_unit_tag\" value=\"wpcf7-f4-o1\" \/><input type=\"hidden\" name=\"_wpcf7_container_post\" value=\"0\" \/><input type=\"hidden\" name=\"_wpcf7_posted_data_hash\" value=\"\" \/>\n<\/fieldset>\n<p><label> Votre Nom (requis)<br \/>\n<span class=\"wpcf7-form-control-wrap\" data-name=\"your-name\"><input size=\"40\" maxlength=\"400\" class=\"wpcf7-form-control wpcf7-text wpcf7-validates-as-required\" aria-required=\"true\" aria-invalid=\"false\" value=\"\" type=\"text\" name=\"your-name\" \/><\/span> <\/label>\n<\/p>\n<p><label> Votre Email (requis)<br \/>\n<span class=\"wpcf7-form-control-wrap\" data-name=\"your-email\"><input size=\"40\" maxlength=\"400\" class=\"wpcf7-form-control wpcf7-email wpcf7-validates-as-required wpcf7-text wpcf7-validates-as-email\" aria-required=\"true\" aria-invalid=\"false\" value=\"\" type=\"email\" name=\"your-email\" \/><\/span> <\/label>\n<\/p>\n<p><label> Sujet<br \/>\n<span class=\"wpcf7-form-control-wrap\" data-name=\"your-subject\"><input size=\"40\" maxlength=\"400\" class=\"wpcf7-form-control wpcf7-text\" aria-invalid=\"false\" value=\"\" type=\"text\" name=\"your-subject\" \/><\/span> <\/label>\n<\/p>\n<p><label> Votre Message<br \/>\n<span class=\"wpcf7-form-control-wrap\" data-name=\"your-message\"><textarea cols=\"40\" rows=\"10\" maxlength=\"2000\" class=\"wpcf7-form-control wpcf7-textarea\" aria-invalid=\"false\" name=\"your-message\"><\/textarea><\/span> <\/label>\n<\/p>\n<p><input class=\"wpcf7-form-control wpcf7-submit has-spinner\" type=\"submit\" value=\"Envoyer\" \/>\n<\/p><p style=\"display: none !important;\" class=\"akismet-fields-container\" data-prefix=\"_wpcf7_ak_\"><label>&#916;<textarea name=\"_wpcf7_ak_hp_textarea\" cols=\"45\" rows=\"8\" maxlength=\"100\"><\/textarea><\/label><input type=\"hidden\" id=\"ak_js_1\" name=\"_wpcf7_ak_js\" value=\"144\"\/><script>document.getElementById( \"ak_js_1\" ).setAttribute( \"value\", ( new Date() ).getTime() );<\/script><\/p><div class=\"wpcf7-response-output\" aria-hidden=\"true\"><\/div>\n<\/form>\n<\/div>\n[\/vc_column_inner][\/vc_row_inner][\/vc_column][\/vc_row][vc_row full_width=&#8221;stretch_row_content_no_spaces&#8221;][vc_column][vc_gmaps link=&#8221;#E-8_JTNDaWZyYW1lJTIwc3JjJTNEJTIyaHR0cHMlM0ElMkYlMkZ3d3cuZ29vZ2xlLmNvbSUyRm1hcHMlMkZlbWJlZCUzRnBiJTNEJTIxMW0xOCUyMTFtMTIlMjExbTMlMjExZDMzMjIuMzE4MTYxODg4ODExJTIxMmQtNy41MjM1OTAyODUxMjAxODclMjEzZDMzLjYyMjk5MTU4MDcyNDk2JTIxMm0zJTIxMWYwJTIxMmYwJTIxM2YwJTIxM20yJTIxMWkxMDI0JTIxMmk3NjglMjE0ZjEzLjElMjEzbTMlMjExbTIlMjExczB4ZGE3Y2I4NjJmZWViMWM3JTI1M0EweDE0MDFhZTY1ZjEyOTA1M2MlMjEyc1R1bWFnJTJCQ2FibGVzJTIxNWUwJTIxM20yJTIxMXNmciUyMTJzJTIxNHYxNDk2OTcxNTkwODc0JTIyJTIwd2lkdGglM0QlMjI2MDAlMjIlMjBoZWlnaHQlM0QlMjI0NTAlMjIlMjBmcmFtZWJvcmRlciUzRCUyMjAlMjIlMjBzdHlsZSUzRCUyMmJvcmRlciUzQTAlMjIlMjBhbGxvd2Z1bGxzY3JlZW4lM0UlM0MlMkZpZnJhbWUlM0U=&#8221;][\/vc_column][\/vc_row]<\/p>\n<\/div>","protected":false},"excerpt":{"rendered":"<p>[vc_row el_class=&#8221;core-projects touch&#8221;][vc_column el_class=&#8221;sectpad touch_bg&#8221;][vc_row_inner][vc_column_inner][ind_custom_heading heading=&#8221;CONTACTEZ NOUS&#8221; colored_line=&#8221;yes&#8221;][vc_column_text]N&#8217;h\u00e9sitez pas \u00e0 nous contacter par t\u00e9l\u00e9phone, par email, ou en utilisant le formulaire &#8230;<\/p>\n","protected":false},"author":1,"featured_media":0,"parent":0,"menu_order":0,"comment_status":"closed","ping_status":"closed","template":"","meta":{"_exactmetrics_skip_tracking":false,"_exactmetrics_sitenote_active":false,"_exactmetrics_sitenote_note":"","_exactmetrics_sitenote_category":0,"footnotes":""},"class_list":["post-178","page","type-page","status-publish","hentry"],"yoast_head":"<!-- This site is optimized with the Yoast SEO plugin v26.9 - https:\/\/yoast.com\/product\/yoast-seo-wordpress\/ -->\n<title>Contact | TUMAG c\u00e2bles<\/title>\n<meta name=\"robots\" content=\"index, follow, max-snippet:-1, max-image-preview:large, max-video-preview:-1\" \/>\n<link rel=\"canonical\" href=\"https:\/\/www.tumagcables.com\/fr\/contact\/\" \/>\n<meta property=\"og:locale\" content=\"fr_FR\" \/>\n<meta property=\"og:type\" content=\"article\" \/>\n<meta property=\"og:title\" content=\"Contact | TUMAG c\u00e2bles\" \/>\n<meta property=\"og:description\" content=\"[vc_row el_class=&#8221;core-projects touch&#8221;][vc_column el_class=&#8221;sectpad touch_bg&#8221;][vc_row_inner][vc_column_inner][ind_custom_heading heading=&#8221;CONTACTEZ NOUS&#8221; colored_line=&#8221;yes&#8221;][vc_column_text]N&#8217;h\u00e9sitez pas \u00e0 nous contacter par t\u00e9l\u00e9phone, par email, ou en utilisant le formulaire ...\" \/>\n<meta property=\"og:url\" content=\"https:\/\/www.tumagcables.com\/fr\/contact\/\" \/>\n<meta property=\"og:site_name\" content=\"TUMAG c\u00e2bles\" \/>\n<meta property=\"article:modified_time\" content=\"2019-06-18T09:02:47+00:00\" \/>\n<meta name=\"twitter:card\" content=\"summary_large_image\" \/>\n<meta name=\"twitter:label1\" content=\"Dur\u00e9e de lecture estim\u00e9e\" \/>\n\t<meta name=\"twitter:data1\" content=\"2 minutes\" \/>\n<script type=\"application\/ld+json\" class=\"yoast-schema-graph\">{\"@context\":\"https:\/\/schema.org\",\"@graph\":[{\"@type\":\"WebPage\",\"@id\":\"https:\/\/www.tumagcables.com\/fr\/contact\/\",\"url\":\"https:\/\/www.tumagcables.com\/fr\/contact\/\",\"name\":\"Contact | TUMAG c\u00e2bles\",\"isPartOf\":{\"@id\":\"https:\/\/www.tumagcables.com\/fr\/#website\"},\"datePublished\":\"2017-02-01T10:26:07+00:00\",\"dateModified\":\"2019-06-18T09:02:47+00:00\",\"breadcrumb\":{\"@id\":\"https:\/\/www.tumagcables.com\/fr\/contact\/#breadcrumb\"},\"inLanguage\":\"fr-FR\",\"potentialAction\":[{\"@type\":\"ReadAction\",\"target\":[\"https:\/\/www.tumagcables.com\/fr\/contact\/\"]}]},{\"@type\":\"BreadcrumbList\",\"@id\":\"https:\/\/www.tumagcables.com\/fr\/contact\/#breadcrumb\",\"itemListElement\":[{\"@type\":\"ListItem\",\"position\":1,\"name\":\"Home\",\"item\":\"https:\/\/www.tumagcables.com\/fr\/\"},{\"@type\":\"ListItem\",\"position\":2,\"name\":\"Contact\"}]},{\"@type\":\"WebSite\",\"@id\":\"https:\/\/www.tumagcables.com\/fr\/#website\",\"url\":\"https:\/\/www.tumagcables.com\/fr\/\",\"name\":\"TUMAG c\u00e2bles\",\"description\":\"Sp\u00e9cialiste en fabrication des fils et c\u00e2bles \u00e9lectriques.\",\"publisher\":{\"@id\":\"https:\/\/www.tumagcables.com\/fr\/#organization\"},\"potentialAction\":[{\"@type\":\"SearchAction\",\"target\":{\"@type\":\"EntryPoint\",\"urlTemplate\":\"https:\/\/www.tumagcables.com\/fr\/?s={search_term_string}\"},\"query-input\":{\"@type\":\"PropertyValueSpecification\",\"valueRequired\":true,\"valueName\":\"search_term_string\"}}],\"inLanguage\":\"fr-FR\"},{\"@type\":\"Organization\",\"@id\":\"https:\/\/www.tumagcables.com\/fr\/#organization\",\"name\":\"Tumag C\u00e2bles\",\"url\":\"https:\/\/www.tumagcables.com\/fr\/\",\"logo\":{\"@type\":\"ImageObject\",\"inLanguage\":\"fr-FR\",\"@id\":\"https:\/\/www.tumagcables.com\/fr\/#\/schema\/logo\/image\/\",\"url\":\"https:\/\/www.tumagcables.com\/wp-content\/uploads\/2017\/06\/logo@2x.png\",\"contentUrl\":\"https:\/\/www.tumagcables.com\/wp-content\/uploads\/2017\/06\/logo@2x.png\",\"width\":424,\"height\":150,\"caption\":\"Tumag C\u00e2bles\"},\"image\":{\"@id\":\"https:\/\/www.tumagcables.com\/fr\/#\/schema\/logo\/image\/\"},\"sameAs\":[\"https:\/\/www.linkedin.com\/company\/18293891\/\"]}]}<\/script>\n<!-- \/ Yoast SEO plugin. -->","yoast_head_json":{"title":"Contact | TUMAG c\u00e2bles","robots":{"index":"index","follow":"follow","max-snippet":"max-snippet:-1","max-image-preview":"max-image-preview:large","max-video-preview":"max-video-preview:-1"},"canonical":"https:\/\/www.tumagcables.com\/fr\/contact\/","og_locale":"fr_FR","og_type":"article","og_title":"Contact | TUMAG c\u00e2bles","og_description":"[vc_row el_class=&#8221;core-projects touch&#8221;][vc_column el_class=&#8221;sectpad touch_bg&#8221;][vc_row_inner][vc_column_inner][ind_custom_heading heading=&#8221;CONTACTEZ NOUS&#8221; colored_line=&#8221;yes&#8221;][vc_column_text]N&#8217;h\u00e9sitez pas \u00e0 nous contacter par t\u00e9l\u00e9phone, par email, ou en utilisant le formulaire ...","og_url":"https:\/\/www.tumagcables.com\/fr\/contact\/","og_site_name":"TUMAG c\u00e2bles","article_modified_time":"2019-06-18T09:02:47+00:00","twitter_card":"summary_large_image","twitter_misc":{"Dur\u00e9e de lecture estim\u00e9e":"2 minutes"},"schema":{"@context":"https:\/\/schema.org","@graph":[{"@type":"WebPage","@id":"https:\/\/www.tumagcables.com\/fr\/contact\/","url":"https:\/\/www.tumagcables.com\/fr\/contact\/","name":"Contact | TUMAG c\u00e2bles","isPartOf":{"@id":"https:\/\/www.tumagcables.com\/fr\/#website"},"datePublished":"2017-02-01T10:26:07+00:00","dateModified":"2019-06-18T09:02:47+00:00","breadcrumb":{"@id":"https:\/\/www.tumagcables.com\/fr\/contact\/#breadcrumb"},"inLanguage":"fr-FR","potentialAction":[{"@type":"ReadAction","target":["https:\/\/www.tumagcables.com\/fr\/contact\/"]}]},{"@type":"BreadcrumbList","@id":"https:\/\/www.tumagcables.com\/fr\/contact\/#breadcrumb","itemListElement":[{"@type":"ListItem","position":1,"name":"Home","item":"https:\/\/www.tumagcables.com\/fr\/"},{"@type":"ListItem","position":2,"name":"Contact"}]},{"@type":"WebSite","@id":"https:\/\/www.tumagcables.com\/fr\/#website","url":"https:\/\/www.tumagcables.com\/fr\/","name":"TUMAG c\u00e2bles","description":"Sp\u00e9cialiste en fabrication des fils et c\u00e2bles \u00e9lectriques.","publisher":{"@id":"https:\/\/www.tumagcables.com\/fr\/#organization"},"potentialAction":[{"@type":"SearchAction","target":{"@type":"EntryPoint","urlTemplate":"https:\/\/www.tumagcables.com\/fr\/?s={search_term_string}"},"query-input":{"@type":"PropertyValueSpecification","valueRequired":true,"valueName":"search_term_string"}}],"inLanguage":"fr-FR"},{"@type":"Organization","@id":"https:\/\/www.tumagcables.com\/fr\/#organization","name":"Tumag C\u00e2bles","url":"https:\/\/www.tumagcables.com\/fr\/","logo":{"@type":"ImageObject","inLanguage":"fr-FR","@id":"https:\/\/www.tumagcables.com\/fr\/#\/schema\/logo\/image\/","url":"https:\/\/www.tumagcables.com\/wp-content\/uploads\/2017\/06\/logo@2x.png","contentUrl":"https:\/\/www.tumagcables.com\/wp-content\/uploads\/2017\/06\/logo@2x.png","width":424,"height":150,"caption":"Tumag C\u00e2bles"},"image":{"@id":"https:\/\/www.tumagcables.com\/fr\/#\/schema\/logo\/image\/"},"sameAs":["https:\/\/www.linkedin.com\/company\/18293891\/"]}]}},"_links":{"self":[{"href":"https:\/\/www.tumagcables.com\/fr\/wp-json\/wp\/v2\/pages\/178","targetHints":{"allow":["GET"]}}],"collection":[{"href":"https:\/\/www.tumagcables.com\/fr\/wp-json\/wp\/v2\/pages"}],"about":[{"href":"https:\/\/www.tumagcables.com\/fr\/wp-json\/wp\/v2\/types\/page"}],"author":[{"embeddable":true,"href":"https:\/\/www.tumagcables.com\/fr\/wp-json\/wp\/v2\/users\/1"}],"replies":[{"embeddable":true,"href":"https:\/\/www.tumagcables.com\/fr\/wp-json\/wp\/v2\/comments?post=178"}],"version-history":[{"count":9,"href":"https:\/\/www.tumagcables.com\/fr\/wp-json\/wp\/v2\/pages\/178\/revisions"}],"predecessor-version":[{"id":1116,"href":"https:\/\/www.tumagcables.com\/fr\/wp-json\/wp\/v2\/pages\/178\/revisions\/1116"}],"wp:attachment":[{"href":"https:\/\/www.tumagcables.com\/fr\/wp-json\/wp\/v2\/media?parent=178"}],"curies":[{"name":"wp","href":"https:\/\/api.w.org\/{rel}","templated":true}]}}