{"id":412,"date":"2017-07-31T15:52:26","date_gmt":"2017-07-31T13:52:26","guid":{"rendered":"http:\/\/futur.ma\/tumag\/?post_type=product&#038;p=412"},"modified":"2020-01-22T08:54:11","modified_gmt":"2020-01-22T08:54:11","slug":"cables-torsades-de-branchement-2","status":"publish","type":"product","link":"https:\/\/www.tumagcables.com\/en\/cable\/twisted-connection-overhead-cables-for-aerial-distribution\/","title":{"rendered":"Twisted connection overhead cables for aerial distribution"},"content":{"rendered":"<h5><b>DESCRIPTION<\/b><\/h5>\n<p>1\/ \u00c2me conductrice rigide en aluminium ou cuivre circulaire c\u00e2bl\u00e9 de classe 2<\/p>\n<p>2\/ Enveloppe isolante en PR \/ XLPE noir<\/p>\n<p>&nbsp;<\/p>\n<h5><b>UTILISATION<\/b><\/h5>\n<p>Raccordement entre la ligne de distribution et les compteurs d\u2019abonn\u00e9s ou les coffrets de pied de colonne montante des immeubles.<\/p>\n<p>&nbsp;<\/p>\n<h5><b>MODE DE POSE<\/b><\/h5>\n<p>\u00c0 l\u2019air libre, sur chemin de c\u00e2ble, sur tablettes perfor\u00e9es ou fix\u00e9s au parvis. Ils peuvent \u00e9galement \u00eatre enterr\u00e9s directement dans le sol sans protection m\u00e9canique.<\/p>\n<p>&nbsp;<\/p>\n<h5><b>RAYON DE COURBURE<\/b><\/h5>\n<p>&#8211; 5 fois le diam\u00e8tre ext\u00e9rieur de la torsade (pos\u00e9).<br \/>\n&#8211; 10 fois le diam\u00e8tre ext\u00e9rieur de la torsade (pendant la pose).<\/p>\n<p>&nbsp;<\/p>\n<h5><b>REP\u00c9RAGE DES CONDUCTEURS<\/b><\/h5>\n<p>1, 2, 3 et 4 sur les conducteurs.<\/p>\n<p>&nbsp;<\/p>\n<h5><b>NORMES TECHNIQUES<\/b><\/h5>\n<p>&#8211; NF C 33-209<br \/>\n&#8211; NM 06.3.068<\/p>\n<p>&nbsp;<\/p>\n<h5><b>TENSION NOMINALE \/ D\u2019ESSAI \/ MAXIMALE<\/b><\/h5>\n<p>&#8211; Tension nominale : 0,6\/1 KV.<br \/>\n&#8211; Temp\u00e9rature maximale sur l\u2019\u00e2me : 90\u00b0C en service permanent, 160\u00b0C en court-circuit.<\/p>\n","protected":false},"excerpt":{"rendered":"<div align=\"right\"><a class=\"button\" href=\"https:\/\/www.tumagcables.com\/wp-content\/uploads\/catalogue\/11-torsades-branchement.pdf\">T\u00e9l\u00e9charger fiche PDF<\/a><\/div>\n<h5><b>UTILISATION<\/b><\/h5>\n<p>Raccordement entre la ligne de distribution et les compteurs d\u2019abonn\u00e9s ou les coffrets de pied de colonne montante des immeubles.<\/p>\n<p>&nbsp;<\/p>\n<h5><b>MODE DE POSE<\/b><\/h5>\n<p>Pos\u00e9 ou tendu sur fa\u00e7ade.<\/p>\n<p>&nbsp;<\/p>\n<h5><b>NORMES TECHNIQUES<\/b><\/h5>\n<p>&#8211; XPC 32-322<br \/>\n&#8211; NM 06.3.039<\/p>\n","protected":false},"featured_media":3844,"template":"","meta":{"_exactmetrics_skip_tracking":false,"_exactmetrics_sitenote_active":false,"_exactmetrics_sitenote_note":"","_exactmetrics_sitenote_category":0},"product_brand":[],"product_cat":[63,43],"product_tag":[],"class_list":{"0":"post-412","1":"product","2":"type-product","3":"status-publish","4":"has-post-thumbnail","6":"product_cat-cables-aeriens-torsades-de-branchement","7":"product_cat-cables-aeriens","9":"first","10":"instock","11":"shipping-taxable","12":"product-type-simple"},"yoast_head":"<!-- This site is optimized with the Yoast SEO plugin v26.9 - https:\/\/yoast.com\/product\/yoast-seo-wordpress\/ -->\n<title>Twisted connection overhead cables for aerial distribution | TUMAG cables<\/title>\n<meta name=\"robots\" content=\"index, follow, max-snippet:-1, max-image-preview:large, max-video-preview:-1\" \/>\n<link rel=\"canonical\" href=\"https:\/\/www.tumagcables.com\/fr\/cable\/cables-de-distribution-aerienne-torsades-de-branchement-2-et-4-conducteurs-de-phase\/\" \/>\n<meta property=\"og:locale\" content=\"en_US\" \/>\n<meta property=\"og:type\" content=\"article\" \/>\n<meta property=\"og:title\" content=\"[:fr]C\u00e2bles de distribution a\u00e9rienne torsad\u00e9s de branchement 2 et 4 conducteurs de phase[:en]Twisted connection overhead cables for aerial distribution[:] | TUMAG cables\" \/>\n<meta property=\"og:description\" content=\"T\u00e9l\u00e9charger fiche PDF UTILISATION Raccordement entre la ligne de distribution et les compteurs d\u2019abonn\u00e9s ou les coffrets de pied de colonne montante des immeubles.  &nbsp; MODE DE POSE Pos\u00e9 ou tendu sur fa\u00e7ade.  &nbsp; NORMES TECHNIQUES - XPC 32-322 - NM 06.3.039\" \/>\n<meta property=\"og:url\" content=\"https:\/\/www.tumagcables.com\/fr\/cable\/cables-de-distribution-aerienne-torsades-de-branchement-2-et-4-conducteurs-de-phase\/\" \/>\n<meta property=\"og:site_name\" content=\"TUMAG cables\" \/>\n<meta property=\"article:modified_time\" content=\"2020-01-22T08:54:11+00:00\" \/>\n<meta property=\"og:image\" content=\"https:\/\/www.tumagcables.com\/wp-content\/uploads\/2017\/07\/TOR-B-4x25.jpg\" \/>\n\t<meta property=\"og:image:width\" content=\"1000\" \/>\n\t<meta property=\"og:image:height\" content=\"999\" \/>\n\t<meta property=\"og:image:type\" content=\"image\/jpeg\" \/>\n<meta name=\"twitter:card\" content=\"summary_large_image\" \/>\n<meta name=\"twitter:label1\" content=\"Est. reading time\" \/>\n\t<meta name=\"twitter:data1\" content=\"1 minute\" \/>\n<script type=\"application\/ld+json\" class=\"yoast-schema-graph\">{\"@context\":\"https:\/\/schema.org\",\"@graph\":[{\"@type\":\"WebPage\",\"@id\":\"https:\/\/www.tumagcables.com\/fr\/cable\/cables-de-distribution-aerienne-torsades-de-branchement-2-et-4-conducteurs-de-phase\/\",\"url\":\"https:\/\/www.tumagcables.com\/fr\/cable\/cables-de-distribution-aerienne-torsades-de-branchement-2-et-4-conducteurs-de-phase\/\",\"name\":\"[:fr]C\u00e2bles de distribution a\u00e9rienne torsad\u00e9s de branchement 2 et 4 conducteurs de phase[:en]Twisted connection overhead cables for aerial distribution[:] | TUMAG cables\",\"isPartOf\":{\"@id\":\"https:\/\/www.tumagcables.com\/fr\/#website\"},\"primaryImageOfPage\":{\"@id\":\"https:\/\/www.tumagcables.com\/fr\/cable\/cables-de-distribution-aerienne-torsades-de-branchement-2-et-4-conducteurs-de-phase\/#primaryimage\"},\"image\":{\"@id\":\"https:\/\/www.tumagcables.com\/fr\/cable\/cables-de-distribution-aerienne-torsades-de-branchement-2-et-4-conducteurs-de-phase\/#primaryimage\"},\"thumbnailUrl\":\"https:\/\/www.tumagcables.com\/wp-content\/uploads\/2017\/07\/TOR-B-4x25.jpg\",\"datePublished\":\"2017-07-31T13:52:26+00:00\",\"dateModified\":\"2020-01-22T08:54:11+00:00\",\"breadcrumb\":{\"@id\":\"https:\/\/www.tumagcables.com\/fr\/cable\/cables-de-distribution-aerienne-torsades-de-branchement-2-et-4-conducteurs-de-phase\/#breadcrumb\"},\"inLanguage\":\"en-US\",\"potentialAction\":[{\"@type\":\"ReadAction\",\"target\":[\"https:\/\/www.tumagcables.com\/fr\/cable\/cables-de-distribution-aerienne-torsades-de-branchement-2-et-4-conducteurs-de-phase\/\"]}]},{\"@type\":\"ImageObject\",\"inLanguage\":\"en-US\",\"@id\":\"https:\/\/www.tumagcables.com\/fr\/cable\/cables-de-distribution-aerienne-torsades-de-branchement-2-et-4-conducteurs-de-phase\/#primaryimage\",\"url\":\"https:\/\/www.tumagcables.com\/wp-content\/uploads\/2017\/07\/TOR-B-4x25.jpg\",\"contentUrl\":\"https:\/\/www.tumagcables.com\/wp-content\/uploads\/2017\/07\/TOR-B-4x25.jpg\",\"width\":1000,\"height\":999},{\"@type\":\"BreadcrumbList\",\"@id\":\"https:\/\/www.tumagcables.com\/fr\/cable\/cables-de-distribution-aerienne-torsades-de-branchement-2-et-4-conducteurs-de-phase\/#breadcrumb\",\"itemListElement\":[{\"@type\":\"ListItem\",\"position\":1,\"name\":\"Home\",\"item\":\"https:\/\/www.tumagcables.com\/fr\/\"},{\"@type\":\"ListItem\",\"position\":2,\"name\":\"Nos c\u00e2bles\",\"item\":\"https:\/\/www.tumagcables.com\/fr\/nos-cables\/\"},{\"@type\":\"ListItem\",\"position\":3,\"name\":\"C\u00e2bles de distribution a\u00e9rienne torsad\u00e9s de branchement 2 et 4 conducteurs de phase\"}]},{\"@type\":\"WebSite\",\"@id\":\"https:\/\/www.tumagcables.com\/fr\/#website\",\"url\":\"https:\/\/www.tumagcables.com\/fr\/\",\"name\":\"TUMAG cables\",\"description\":\"Wires and Cables Provider\",\"publisher\":{\"@id\":\"https:\/\/www.tumagcables.com\/fr\/#organization\"},\"potentialAction\":[{\"@type\":\"SearchAction\",\"target\":{\"@type\":\"EntryPoint\",\"urlTemplate\":\"https:\/\/www.tumagcables.com\/fr\/?s={search_term_string}\"},\"query-input\":{\"@type\":\"PropertyValueSpecification\",\"valueRequired\":true,\"valueName\":\"search_term_string\"}}],\"inLanguage\":\"en-US\"},{\"@type\":\"Organization\",\"@id\":\"https:\/\/www.tumagcables.com\/fr\/#organization\",\"name\":\"Tumag C\u00e2bles\",\"url\":\"https:\/\/www.tumagcables.com\/fr\/\",\"logo\":{\"@type\":\"ImageObject\",\"inLanguage\":\"en-US\",\"@id\":\"https:\/\/www.tumagcables.com\/fr\/#\/schema\/logo\/image\/\",\"url\":\"https:\/\/www.tumagcables.com\/wp-content\/uploads\/2017\/06\/logo@2x.png\",\"contentUrl\":\"https:\/\/www.tumagcables.com\/wp-content\/uploads\/2017\/06\/logo@2x.png\",\"width\":424,\"height\":150,\"caption\":\"Tumag C\u00e2bles\"},\"image\":{\"@id\":\"https:\/\/www.tumagcables.com\/fr\/#\/schema\/logo\/image\/\"},\"sameAs\":[\"https:\/\/www.linkedin.com\/company\/18293891\/\"]}]}<\/script>\n<!-- \/ Yoast SEO plugin. -->","yoast_head_json":{"title":"[:fr]C\u00e2bles de distribution a\u00e9rienne torsad\u00e9s de branchement 2 et 4 conducteurs de phase[:en]Twisted connection overhead cables for aerial distribution[:] | TUMAG cables","robots":{"index":"index","follow":"follow","max-snippet":"max-snippet:-1","max-image-preview":"max-image-preview:large","max-video-preview":"max-video-preview:-1"},"canonical":"https:\/\/www.tumagcables.com\/fr\/cable\/cables-de-distribution-aerienne-torsades-de-branchement-2-et-4-conducteurs-de-phase\/","og_locale":"en_US","og_type":"article","og_title":"[:fr]C\u00e2bles de distribution a\u00e9rienne torsad\u00e9s de branchement 2 et 4 conducteurs de phase[:en]Twisted connection overhead cables for aerial distribution[:] | TUMAG cables","og_description":"T\u00e9l\u00e9charger fiche PDF UTILISATION Raccordement entre la ligne de distribution et les compteurs d\u2019abonn\u00e9s ou les coffrets de pied de colonne montante des immeubles.  &nbsp; MODE DE POSE Pos\u00e9 ou tendu sur fa\u00e7ade.  &nbsp; NORMES TECHNIQUES - XPC 32-322 - NM 06.3.039","og_url":"https:\/\/www.tumagcables.com\/fr\/cable\/cables-de-distribution-aerienne-torsades-de-branchement-2-et-4-conducteurs-de-phase\/","og_site_name":"TUMAG cables","article_modified_time":"2020-01-22T08:54:11+00:00","og_image":[{"width":1000,"height":999,"url":"https:\/\/www.tumagcables.com\/wp-content\/uploads\/2017\/07\/TOR-B-4x25.jpg","type":"image\/jpeg"}],"twitter_card":"summary_large_image","twitter_misc":{"Est. reading time":"1 minute"},"schema":{"@context":"https:\/\/schema.org","@graph":[{"@type":"WebPage","@id":"https:\/\/www.tumagcables.com\/fr\/cable\/cables-de-distribution-aerienne-torsades-de-branchement-2-et-4-conducteurs-de-phase\/","url":"https:\/\/www.tumagcables.com\/fr\/cable\/cables-de-distribution-aerienne-torsades-de-branchement-2-et-4-conducteurs-de-phase\/","name":"[:fr]C\u00e2bles de distribution a\u00e9rienne torsad\u00e9s de branchement 2 et 4 conducteurs de phase[:en]Twisted connection overhead cables for aerial distribution[:] | TUMAG cables","isPartOf":{"@id":"https:\/\/www.tumagcables.com\/fr\/#website"},"primaryImageOfPage":{"@id":"https:\/\/www.tumagcables.com\/fr\/cable\/cables-de-distribution-aerienne-torsades-de-branchement-2-et-4-conducteurs-de-phase\/#primaryimage"},"image":{"@id":"https:\/\/www.tumagcables.com\/fr\/cable\/cables-de-distribution-aerienne-torsades-de-branchement-2-et-4-conducteurs-de-phase\/#primaryimage"},"thumbnailUrl":"https:\/\/www.tumagcables.com\/wp-content\/uploads\/2017\/07\/TOR-B-4x25.jpg","datePublished":"2017-07-31T13:52:26+00:00","dateModified":"2020-01-22T08:54:11+00:00","breadcrumb":{"@id":"https:\/\/www.tumagcables.com\/fr\/cable\/cables-de-distribution-aerienne-torsades-de-branchement-2-et-4-conducteurs-de-phase\/#breadcrumb"},"inLanguage":"en-US","potentialAction":[{"@type":"ReadAction","target":["https:\/\/www.tumagcables.com\/fr\/cable\/cables-de-distribution-aerienne-torsades-de-branchement-2-et-4-conducteurs-de-phase\/"]}]},{"@type":"ImageObject","inLanguage":"en-US","@id":"https:\/\/www.tumagcables.com\/fr\/cable\/cables-de-distribution-aerienne-torsades-de-branchement-2-et-4-conducteurs-de-phase\/#primaryimage","url":"https:\/\/www.tumagcables.com\/wp-content\/uploads\/2017\/07\/TOR-B-4x25.jpg","contentUrl":"https:\/\/www.tumagcables.com\/wp-content\/uploads\/2017\/07\/TOR-B-4x25.jpg","width":1000,"height":999},{"@type":"BreadcrumbList","@id":"https:\/\/www.tumagcables.com\/fr\/cable\/cables-de-distribution-aerienne-torsades-de-branchement-2-et-4-conducteurs-de-phase\/#breadcrumb","itemListElement":[{"@type":"ListItem","position":1,"name":"Home","item":"https:\/\/www.tumagcables.com\/fr\/"},{"@type":"ListItem","position":2,"name":"Nos c\u00e2bles","item":"https:\/\/www.tumagcables.com\/fr\/nos-cables\/"},{"@type":"ListItem","position":3,"name":"C\u00e2bles de distribution a\u00e9rienne torsad\u00e9s de branchement 2 et 4 conducteurs de phase"}]},{"@type":"WebSite","@id":"https:\/\/www.tumagcables.com\/fr\/#website","url":"https:\/\/www.tumagcables.com\/fr\/","name":"TUMAG cables","description":"Wires and Cables Provider","publisher":{"@id":"https:\/\/www.tumagcables.com\/fr\/#organization"},"potentialAction":[{"@type":"SearchAction","target":{"@type":"EntryPoint","urlTemplate":"https:\/\/www.tumagcables.com\/fr\/?s={search_term_string}"},"query-input":{"@type":"PropertyValueSpecification","valueRequired":true,"valueName":"search_term_string"}}],"inLanguage":"en-US"},{"@type":"Organization","@id":"https:\/\/www.tumagcables.com\/fr\/#organization","name":"Tumag C\u00e2bles","url":"https:\/\/www.tumagcables.com\/fr\/","logo":{"@type":"ImageObject","inLanguage":"en-US","@id":"https:\/\/www.tumagcables.com\/fr\/#\/schema\/logo\/image\/","url":"https:\/\/www.tumagcables.com\/wp-content\/uploads\/2017\/06\/logo@2x.png","contentUrl":"https:\/\/www.tumagcables.com\/wp-content\/uploads\/2017\/06\/logo@2x.png","width":424,"height":150,"caption":"Tumag C\u00e2bles"},"image":{"@id":"https:\/\/www.tumagcables.com\/fr\/#\/schema\/logo\/image\/"},"sameAs":["https:\/\/www.linkedin.com\/company\/18293891\/"]}]}},"_links":{"self":[{"href":"https:\/\/www.tumagcables.com\/en\/wp-json\/wp\/v2\/product\/412","targetHints":{"allow":["GET"]}}],"collection":[{"href":"https:\/\/www.tumagcables.com\/en\/wp-json\/wp\/v2\/product"}],"about":[{"href":"https:\/\/www.tumagcables.com\/en\/wp-json\/wp\/v2\/types\/product"}],"wp:featuredmedia":[{"embeddable":true,"href":"https:\/\/www.tumagcables.com\/en\/wp-json\/wp\/v2\/media\/3844"}],"wp:attachment":[{"href":"https:\/\/www.tumagcables.com\/en\/wp-json\/wp\/v2\/media?parent=412"}],"wp:term":[{"taxonomy":"product_brand","embeddable":true,"href":"https:\/\/www.tumagcables.com\/en\/wp-json\/wp\/v2\/product_brand?post=412"},{"taxonomy":"product_cat","embeddable":true,"href":"https:\/\/www.tumagcables.com\/en\/wp-json\/wp\/v2\/product_cat?post=412"},{"taxonomy":"product_tag","embeddable":true,"href":"https:\/\/www.tumagcables.com\/en\/wp-json\/wp\/v2\/product_tag?post=412"}],"curies":[{"name":"wp","href":"https:\/\/api.w.org\/{rel}","templated":true}]}}