{"id":401,"date":"2017-07-30T22:29:58","date_gmt":"2017-07-30T20:29:58","guid":{"rendered":"http:\/\/futur.ma\/tumag\/?post_type=product&#038;p=401"},"modified":"2020-01-21T11:24:16","modified_gmt":"2020-01-21T11:24:16","slug":"cables-ho5-vv-f-u500-sv1v","status":"publish","type":"product","link":"https:\/\/www.tumagcables.com\/en\/cable\/domestic-flexible-cables-h05-vv-f-u500-sv1v\/","title":{"rendered":"Domestic flexible cables H05 VV-F (U500 SV1V)"},"content":{"rendered":"<h5><b>DESCRIPTION<\/b><\/h5>\n<p>&#8211; \u00c2me conductrice souple suivant norme NF C 32-013 en cuivre rond classe 5<br \/>\n&#8211; Enveloppe isolante en PVC color\u00e9<br \/>\n&#8211; Gaine en PVC gris<\/p>\n<p>&nbsp;<\/p>\n<h5><b>UTILISATION<\/b><\/h5>\n<p>Alimentation d\u2019appareils domestiques mobiles ou semi-fixes en particulier dans l\u2019\u00e9lectrom\u00e9nager.<\/p>\n<p>&nbsp;<\/p>\n<h5><b>MODE DE POSE<\/b><\/h5>\n<p>\u00c0 l\u2019air libre.<\/p>\n<p>&nbsp;<\/p>\n<h5><b>RAYON DE COURBURE<\/b><\/h5>\n<p>&#8211; minimum 3 fois le diam\u00e8tre ext\u00e9rieur du c\u00e2ble si d \u2264 12<br \/>\n&#8211; minimum 4 fois le diam\u00e8tre ext\u00e9rieur du c\u00e2ble si d &gt; 12<\/p>\n<p>&nbsp;<\/p>\n<h5><b>REP\u00c9RAGE DES CONDUCTEURS<\/b><\/h5>\n<p>Par couleurs.<\/p>\n<p>&nbsp;<\/p>\n<h5><b>NORMES TECHNIQUES<\/b><\/h5>\n<p>&#8211; NF EN 50 525-2-11<br \/>\n&#8211; NM EN 50 525-2-11<\/p>\n<p>&nbsp;<\/p>\n<h5><b>TENSION NOMINALE \/ D\u2019ESSAI \/ MAXIMALE<\/b><\/h5>\n<p>&#8211; Tension nominale : 300\/500 V. Tension d\u2019essai : 2000 V.<br \/>\n&#8211; Temp\u00e9rature maximale sur l\u2019\u00e2me : 70\u00b0C en service permanent, 160\u00b0C en court-circuit.<\/p>\n<p>La temp\u00e9rature maximale sur la gaine ne doit pas d\u00e9passer 50\u00b0C.<\/p>\n<p>Ce produit n\u2019est pas recommand\u00e9 pour l\u2019alimentation des appareils producteurs de chaleur.<\/p>\n","protected":false},"excerpt":{"rendered":"<div align=\"right\"><a class=\"button\" href=\"https:\/\/www.tumagcables.com\/wp-content\/uploads\/catalogue\/4-H05-VV-F.pdf\">T\u00e9l\u00e9charger fiche PDF<\/a><\/div>\n<h5><b>UTILISATION<\/b><\/h5>\n<p>Alimentation d\u2019appareils domestiques mobiles ou semi-fixes en particulier dans l\u2019\u00e9lectrom\u00e9nager.<\/p>\n<p>&nbsp;<\/p>\n<h5><b>MODE DE POSE<\/b><\/h5>\n<p>\u00c0 l\u2019air libre.<\/p>\n<p>&nbsp;<\/p>\n<h5><b>NORMES TECHNIQUES<\/b><\/h5>\n<p>&#8211; NF EN 50 525-2-11<br \/>\n&#8211; NM EN 50 525-2-11<\/p>\n","protected":false},"featured_media":3836,"template":"","meta":{"_exactmetrics_skip_tracking":false,"_exactmetrics_sitenote_active":false,"_exactmetrics_sitenote_note":"","_exactmetrics_sitenote_category":0},"product_brand":[],"product_cat":[59,41],"product_tag":[],"class_list":{"0":"post-401","1":"product","2":"type-product","3":"status-publish","4":"has-post-thumbnail","6":"product_cat-cables-domestiques-souples","7":"product_cat-fils-et-cables-domestiques","9":"first","10":"instock","11":"shipping-taxable","12":"product-type-simple"},"yoast_head":"<!-- This site is optimized with the Yoast SEO plugin v26.9 - https:\/\/yoast.com\/product\/yoast-seo-wordpress\/ -->\n<title>Domestic flexible cables H05 VV-F (U500 SV1V) | TUMAG cables<\/title>\n<meta name=\"robots\" content=\"index, follow, max-snippet:-1, max-image-preview:large, max-video-preview:-1\" \/>\n<link rel=\"canonical\" href=\"https:\/\/www.tumagcables.com\/en\/cable\/domestic-flexible-cables-h05-vv-f-u500-sv1v\/\" \/>\n<meta property=\"og:locale\" content=\"en_US\" \/>\n<meta property=\"og:type\" content=\"article\" \/>\n<meta property=\"og:title\" content=\"[:fr]C\u00e2bles domestiques souples H05 VV-F (U500 SV1V)[:en]Domestic flexible cables H05 VV-F (U500 SV1V)[:] | TUMAG cables\" \/>\n<meta property=\"og:description\" content=\"T\u00e9l\u00e9charger fiche PDF UTILISATION Alimentation d\u2019appareils domestiques mobiles ou semi-fixes en particulier dans l\u2019\u00e9lectrom\u00e9nager.  &nbsp; MODE DE POSE \u00c0 l\u2019air libre.  &nbsp; NORMES TECHNIQUES - NF EN 50 525-2-11 - NM EN 50 525-2-11\" \/>\n<meta property=\"og:url\" content=\"https:\/\/www.tumagcables.com\/en\/cable\/domestic-flexible-cables-h05-vv-f-u500-sv1v\/\" \/>\n<meta property=\"og:site_name\" content=\"TUMAG cables\" \/>\n<meta property=\"article:modified_time\" content=\"2020-01-21T11:24:16+00:00\" \/>\n<meta property=\"og:image\" content=\"https:\/\/www.tumagcables.com\/wp-content\/uploads\/2017\/07\/DOM-S-2-1-H05-VV-F-U500-SV1V-2x4-mm2.jpg\" \/>\n\t<meta property=\"og:image:width\" content=\"1000\" \/>\n\t<meta property=\"og:image:height\" content=\"1000\" \/>\n\t<meta property=\"og:image:type\" content=\"image\/jpeg\" \/>\n<meta name=\"twitter:card\" content=\"summary_large_image\" \/>\n<meta name=\"twitter:label1\" content=\"Est. reading time\" \/>\n\t<meta name=\"twitter:data1\" content=\"1 minute\" \/>\n<script type=\"application\/ld+json\" class=\"yoast-schema-graph\">{\"@context\":\"https:\/\/schema.org\",\"@graph\":[{\"@type\":\"WebPage\",\"@id\":\"https:\/\/www.tumagcables.com\/en\/cable\/domestic-flexible-cables-h05-vv-f-u500-sv1v\/\",\"url\":\"https:\/\/www.tumagcables.com\/en\/cable\/domestic-flexible-cables-h05-vv-f-u500-sv1v\/\",\"name\":\"[:fr]C\u00e2bles domestiques souples H05 VV-F (U500 SV1V)[:en]Domestic flexible cables H05 VV-F (U500 SV1V)[:] | TUMAG cables\",\"isPartOf\":{\"@id\":\"https:\/\/www.tumagcables.com\/fr\/#website\"},\"primaryImageOfPage\":{\"@id\":\"https:\/\/www.tumagcables.com\/en\/cable\/domestic-flexible-cables-h05-vv-f-u500-sv1v\/#primaryimage\"},\"image\":{\"@id\":\"https:\/\/www.tumagcables.com\/en\/cable\/domestic-flexible-cables-h05-vv-f-u500-sv1v\/#primaryimage\"},\"thumbnailUrl\":\"https:\/\/www.tumagcables.com\/wp-content\/uploads\/2017\/07\/DOM-S-2-1-H05-VV-F-U500-SV1V-2x4-mm2.jpg\",\"datePublished\":\"2017-07-30T20:29:58+00:00\",\"dateModified\":\"2020-01-21T11:24:16+00:00\",\"breadcrumb\":{\"@id\":\"https:\/\/www.tumagcables.com\/en\/cable\/domestic-flexible-cables-h05-vv-f-u500-sv1v\/#breadcrumb\"},\"inLanguage\":\"en-US\",\"potentialAction\":[{\"@type\":\"ReadAction\",\"target\":[\"https:\/\/www.tumagcables.com\/en\/cable\/domestic-flexible-cables-h05-vv-f-u500-sv1v\/\"]}]},{\"@type\":\"ImageObject\",\"inLanguage\":\"en-US\",\"@id\":\"https:\/\/www.tumagcables.com\/en\/cable\/domestic-flexible-cables-h05-vv-f-u500-sv1v\/#primaryimage\",\"url\":\"https:\/\/www.tumagcables.com\/wp-content\/uploads\/2017\/07\/DOM-S-2-1-H05-VV-F-U500-SV1V-2x4-mm2.jpg\",\"contentUrl\":\"https:\/\/www.tumagcables.com\/wp-content\/uploads\/2017\/07\/DOM-S-2-1-H05-VV-F-U500-SV1V-2x4-mm2.jpg\",\"width\":1000,\"height\":1000},{\"@type\":\"BreadcrumbList\",\"@id\":\"https:\/\/www.tumagcables.com\/en\/cable\/domestic-flexible-cables-h05-vv-f-u500-sv1v\/#breadcrumb\",\"itemListElement\":[{\"@type\":\"ListItem\",\"position\":1,\"name\":\"Home\",\"item\":\"https:\/\/www.tumagcables.com\/fr\/\"},{\"@type\":\"ListItem\",\"position\":2,\"name\":\"Nos c\u00e2bles\",\"item\":\"https:\/\/www.tumagcables.com\/fr\/nos-cables\/\"},{\"@type\":\"ListItem\",\"position\":3,\"name\":\"Domestic flexible cables H05 VV-F (U500 SV1V)\"}]},{\"@type\":\"WebSite\",\"@id\":\"https:\/\/www.tumagcables.com\/fr\/#website\",\"url\":\"https:\/\/www.tumagcables.com\/fr\/\",\"name\":\"TUMAG cables\",\"description\":\"Wires and Cables Provider\",\"publisher\":{\"@id\":\"https:\/\/www.tumagcables.com\/fr\/#organization\"},\"potentialAction\":[{\"@type\":\"SearchAction\",\"target\":{\"@type\":\"EntryPoint\",\"urlTemplate\":\"https:\/\/www.tumagcables.com\/fr\/?s={search_term_string}\"},\"query-input\":{\"@type\":\"PropertyValueSpecification\",\"valueRequired\":true,\"valueName\":\"search_term_string\"}}],\"inLanguage\":\"en-US\"},{\"@type\":\"Organization\",\"@id\":\"https:\/\/www.tumagcables.com\/fr\/#organization\",\"name\":\"Tumag C\u00e2bles\",\"url\":\"https:\/\/www.tumagcables.com\/fr\/\",\"logo\":{\"@type\":\"ImageObject\",\"inLanguage\":\"en-US\",\"@id\":\"https:\/\/www.tumagcables.com\/fr\/#\/schema\/logo\/image\/\",\"url\":\"https:\/\/www.tumagcables.com\/wp-content\/uploads\/2017\/06\/logo@2x.png\",\"contentUrl\":\"https:\/\/www.tumagcables.com\/wp-content\/uploads\/2017\/06\/logo@2x.png\",\"width\":424,\"height\":150,\"caption\":\"Tumag C\u00e2bles\"},\"image\":{\"@id\":\"https:\/\/www.tumagcables.com\/fr\/#\/schema\/logo\/image\/\"},\"sameAs\":[\"https:\/\/www.linkedin.com\/company\/18293891\/\"]}]}<\/script>\n<!-- \/ Yoast SEO plugin. -->","yoast_head_json":{"title":"[:fr]C\u00e2bles domestiques souples H05 VV-F (U500 SV1V)[:en]Domestic flexible cables H05 VV-F (U500 SV1V)[:] | TUMAG cables","robots":{"index":"index","follow":"follow","max-snippet":"max-snippet:-1","max-image-preview":"max-image-preview:large","max-video-preview":"max-video-preview:-1"},"canonical":"https:\/\/www.tumagcables.com\/en\/cable\/domestic-flexible-cables-h05-vv-f-u500-sv1v\/","og_locale":"en_US","og_type":"article","og_title":"[:fr]C\u00e2bles domestiques souples H05 VV-F (U500 SV1V)[:en]Domestic flexible cables H05 VV-F (U500 SV1V)[:] | TUMAG cables","og_description":"T\u00e9l\u00e9charger fiche PDF UTILISATION Alimentation d\u2019appareils domestiques mobiles ou semi-fixes en particulier dans l\u2019\u00e9lectrom\u00e9nager.  &nbsp; MODE DE POSE \u00c0 l\u2019air libre.  &nbsp; NORMES TECHNIQUES - NF EN 50 525-2-11 - NM EN 50 525-2-11","og_url":"https:\/\/www.tumagcables.com\/en\/cable\/domestic-flexible-cables-h05-vv-f-u500-sv1v\/","og_site_name":"TUMAG cables","article_modified_time":"2020-01-21T11:24:16+00:00","og_image":[{"width":1000,"height":1000,"url":"https:\/\/www.tumagcables.com\/wp-content\/uploads\/2017\/07\/DOM-S-2-1-H05-VV-F-U500-SV1V-2x4-mm2.jpg","type":"image\/jpeg"}],"twitter_card":"summary_large_image","twitter_misc":{"Est. reading time":"1 minute"},"schema":{"@context":"https:\/\/schema.org","@graph":[{"@type":"WebPage","@id":"https:\/\/www.tumagcables.com\/en\/cable\/domestic-flexible-cables-h05-vv-f-u500-sv1v\/","url":"https:\/\/www.tumagcables.com\/en\/cable\/domestic-flexible-cables-h05-vv-f-u500-sv1v\/","name":"[:fr]C\u00e2bles domestiques souples H05 VV-F (U500 SV1V)[:en]Domestic flexible cables H05 VV-F (U500 SV1V)[:] | TUMAG cables","isPartOf":{"@id":"https:\/\/www.tumagcables.com\/fr\/#website"},"primaryImageOfPage":{"@id":"https:\/\/www.tumagcables.com\/en\/cable\/domestic-flexible-cables-h05-vv-f-u500-sv1v\/#primaryimage"},"image":{"@id":"https:\/\/www.tumagcables.com\/en\/cable\/domestic-flexible-cables-h05-vv-f-u500-sv1v\/#primaryimage"},"thumbnailUrl":"https:\/\/www.tumagcables.com\/wp-content\/uploads\/2017\/07\/DOM-S-2-1-H05-VV-F-U500-SV1V-2x4-mm2.jpg","datePublished":"2017-07-30T20:29:58+00:00","dateModified":"2020-01-21T11:24:16+00:00","breadcrumb":{"@id":"https:\/\/www.tumagcables.com\/en\/cable\/domestic-flexible-cables-h05-vv-f-u500-sv1v\/#breadcrumb"},"inLanguage":"en-US","potentialAction":[{"@type":"ReadAction","target":["https:\/\/www.tumagcables.com\/en\/cable\/domestic-flexible-cables-h05-vv-f-u500-sv1v\/"]}]},{"@type":"ImageObject","inLanguage":"en-US","@id":"https:\/\/www.tumagcables.com\/en\/cable\/domestic-flexible-cables-h05-vv-f-u500-sv1v\/#primaryimage","url":"https:\/\/www.tumagcables.com\/wp-content\/uploads\/2017\/07\/DOM-S-2-1-H05-VV-F-U500-SV1V-2x4-mm2.jpg","contentUrl":"https:\/\/www.tumagcables.com\/wp-content\/uploads\/2017\/07\/DOM-S-2-1-H05-VV-F-U500-SV1V-2x4-mm2.jpg","width":1000,"height":1000},{"@type":"BreadcrumbList","@id":"https:\/\/www.tumagcables.com\/en\/cable\/domestic-flexible-cables-h05-vv-f-u500-sv1v\/#breadcrumb","itemListElement":[{"@type":"ListItem","position":1,"name":"Home","item":"https:\/\/www.tumagcables.com\/fr\/"},{"@type":"ListItem","position":2,"name":"Nos c\u00e2bles","item":"https:\/\/www.tumagcables.com\/fr\/nos-cables\/"},{"@type":"ListItem","position":3,"name":"Domestic flexible cables H05 VV-F (U500 SV1V)"}]},{"@type":"WebSite","@id":"https:\/\/www.tumagcables.com\/fr\/#website","url":"https:\/\/www.tumagcables.com\/fr\/","name":"TUMAG cables","description":"Wires and Cables Provider","publisher":{"@id":"https:\/\/www.tumagcables.com\/fr\/#organization"},"potentialAction":[{"@type":"SearchAction","target":{"@type":"EntryPoint","urlTemplate":"https:\/\/www.tumagcables.com\/fr\/?s={search_term_string}"},"query-input":{"@type":"PropertyValueSpecification","valueRequired":true,"valueName":"search_term_string"}}],"inLanguage":"en-US"},{"@type":"Organization","@id":"https:\/\/www.tumagcables.com\/fr\/#organization","name":"Tumag C\u00e2bles","url":"https:\/\/www.tumagcables.com\/fr\/","logo":{"@type":"ImageObject","inLanguage":"en-US","@id":"https:\/\/www.tumagcables.com\/fr\/#\/schema\/logo\/image\/","url":"https:\/\/www.tumagcables.com\/wp-content\/uploads\/2017\/06\/logo@2x.png","contentUrl":"https:\/\/www.tumagcables.com\/wp-content\/uploads\/2017\/06\/logo@2x.png","width":424,"height":150,"caption":"Tumag C\u00e2bles"},"image":{"@id":"https:\/\/www.tumagcables.com\/fr\/#\/schema\/logo\/image\/"},"sameAs":["https:\/\/www.linkedin.com\/company\/18293891\/"]}]}},"_links":{"self":[{"href":"https:\/\/www.tumagcables.com\/en\/wp-json\/wp\/v2\/product\/401","targetHints":{"allow":["GET"]}}],"collection":[{"href":"https:\/\/www.tumagcables.com\/en\/wp-json\/wp\/v2\/product"}],"about":[{"href":"https:\/\/www.tumagcables.com\/en\/wp-json\/wp\/v2\/types\/product"}],"wp:featuredmedia":[{"embeddable":true,"href":"https:\/\/www.tumagcables.com\/en\/wp-json\/wp\/v2\/media\/3836"}],"wp:attachment":[{"href":"https:\/\/www.tumagcables.com\/en\/wp-json\/wp\/v2\/media?parent=401"}],"wp:term":[{"taxonomy":"product_brand","embeddable":true,"href":"https:\/\/www.tumagcables.com\/en\/wp-json\/wp\/v2\/product_brand?post=401"},{"taxonomy":"product_cat","embeddable":true,"href":"https:\/\/www.tumagcables.com\/en\/wp-json\/wp\/v2\/product_cat?post=401"},{"taxonomy":"product_tag","embeddable":true,"href":"https:\/\/www.tumagcables.com\/en\/wp-json\/wp\/v2\/product_tag?post=401"}],"curies":[{"name":"wp","href":"https:\/\/api.w.org\/{rel}","templated":true}]}}