{"id":840,"date":"2018-11-23T10:32:23","date_gmt":"2018-11-23T10:32:23","guid":{"rendered":"http:\/\/www.tumagcables.com\/fr\/?page_id=840"},"modified":"2019-07-22T14:59:56","modified_gmt":"2019-07-22T13:59:56","slug":"carrieres","status":"publish","type":"page","link":"https:\/\/www.tumagcables.com\/en\/careers\/","title":{"rendered":"Careers"},"content":{"rendered":"<div class=\"wpb-content-wrapper\"><p>[vc_row row_type=&#8221;row_full_center_content&#8221; class=&#8221;max_width&#8221; el_class=&#8221;about-tab-box sectpad&#8221;][vc_column][vc_tta_tour shape=&#8221;square&#8221; color=&#8221;white&#8221; active_section=&#8221;1&#8243; el_class=&#8221;margin_both&#8221;][vc_tta_section title=&#8221;FAMILY-OWNED COMPANY?&#8221; tab_id=&#8221;family-owned-company&#8221;][ind_custom_heading heading=&#8221;WORK IN A FAMILY-OWNED BUSINESS&#8221; colored_line=&#8221;yes&#8221;][vc_column_text el_class=&#8221;single-tab-content&#8221;]TUMAG C\u00e2bles is an industrial family company managed, since its creation in 1977, by the same family.<\/p>\n<h3><strong>What is a family-owned business?<\/strong><\/h3>\n<p>These are the majority of companies. In general, most of the capital belongs to the founder and his family, or his descendants. It is run by a family member with relatives in management positions.<br \/>\nWhile listed companies are subject to the diktat of the stock market calendar, and their management horizon is that of half-yearly or even quarterly results, family businesses are part of a long-term vision of their assets. This is a concern for sustainability that offers many advantages :<\/p>\n<p>&#8211; <strong> Stability\u00a0:<\/strong>\u00a0family-owned businesses, as shown by studies, are half as likely to file for bankruptcy as others.<\/p>\n<p>&#8211; <strong> Solidity\u00a0:<\/strong>\u00a0in the event of a lasting economic crisis or temporary difficulties, it is established that family businesses fare better than others..<\/p>\n<p>&#8211; <strong>Prudence\u00a0:<\/strong>\u00a0growth is often self-financing and thanks to the low dividend distribution rate. The managers refuse risky arrangements.<\/p>\n<p>&#8211; <strong>Investment\u00a0:<\/strong>\u00a0A significant part of the profits made is set aside to strengthen the equity and cash flow. Family capitalism is wiser than stock market capitalism.<\/p>\n<p>Le management des PME familiales est plus efficace. La prise de d\u00e9cision y est plus facile et rapide de part la facilit\u00e9 de concertation entre les dirigeants et les actionnaires (qui peuvent \u00eatre les m\u00eames).<\/p>\n<p>The management of family businesses is more efficient. Decision-making is easier and faster because of the ease of consultation between managers and shareholders (who can be the same). Management is closer to employees; dialogue is more humane, which can overcome difficulties. In addition, employee loyalty and attachment are often stronger. The personality of the founder, his personal history which merges with that of the company, allows and facilitates the projection of all the staff in an important evolution project.<br \/>\n[\/vc_column_text][\/vc_tta_section][vc_tta_section title=&#8221;HR POLICY&#8221; tab_id=&#8221;hr-policy&#8221;][ind_custom_heading heading=&#8221;HR POLICY&#8221; colored_line=&#8221;yes&#8221;][vc_column_text el_class=&#8221;single-tab-content&#8221;]TUMAG C\u00e2bles has an active human resources policy aimed at offering its employees the best possible working conditions. For the company, this is a central element in its general development strategy based on the following three main axes:<\/p>\n<h3><strong>Promote an effective and motivating compensation policy<\/strong><\/h3>\n<p>The remuneration system introduced by TUMAG C\u00e2bles aims to remunerate employees according to the value of the work they do. It is an additional motivating factor that rewards employees for their participation in achieving the company&#8217;s objectives.<\/p>\n<p>This policy is translated into concrete daily and local actions such as (gifts, assistance, etc&#8230;) but also through concrete measures allowing social coverage in accordance with the provisions of the Labour Code including CNSS coverage, a mutual insurance company as well as a complementary CIMR.<\/p>\n<h3><strong>Develop a training and qualification policy<\/strong><\/h3>\n<p>The training policy is a central element of human resources management within TUMAG C\u00e2bles. The objective underlying the training effort is based on a desire to develop human capital and continuously improve skills.<\/p>\n<p>In this sense, the training actions undertaken are the result of:<br \/>\n&#8211; a training plan defined and developed upstream by the general management with the support of the human resources department. This plan provides, for each of the major areas of expertise developed within the company, training cycles around adapted themes;<br \/>\n&#8211; individual training requests identified mainly during the evaluation interviews in an ad hoc form which is subsequently consolidated at company level.<\/p>\n<h3><strong>Establish management by objectives with annual evaluations<\/strong><\/h3>\n<p style=\"text-align: center;\"><strong>\u00ab\u00a0&#8220;If you don&#8217;t know where you&#8217;re going, you have a good chance of getting somewhere else.&#8221;.<\/strong><\/p>\n<p>TUMAG C\u00e2bles has set up an objective-based management system to clarify what the organization intends to do and to evaluate its effectiveness. At the level of employees, the setting of objectives must :<\/p>\n<p>&#8211; encourage them to act, innovate and change,<br \/>\n&#8211; strengthen their individual motivation by giving meaning, weight and ambition to each action,<br \/>\n&#8211; focus their energies on specific results while avoiding dispersion,<br \/>\n&#8211; provide a solid benchmark for medium-term priority setting,<br \/>\n&#8211; constitute a clear and accepted contract on a result to be achieved within a specified time frame<\/p>\n<p>The setting of objectives is logically followed by an evaluation of their degree of achievement. Thus, annual evaluations are scheduled and provide a reliable means of control to assess any discrepancies between the results obtained and the expected results.<\/p>\n<p>In addition to being a means of monitoring and dialogue, these annual evaluations are also an opportunity to measure employee satisfaction.[\/vc_column_text][\/vc_tta_section][vc_tta_section title=&#8221;ORGANIZATION&#8221; tab_id=&#8221;organization&#8221;][ind_custom_heading heading=&#8221;ORGANIZATION AND MANAGEMENT TOOLS&#8221; colored_line=&#8221;yes&#8221;][vc_column_text]<\/p>\n<p style=\"font-weight: 250;\">TUMAG C\u00e2bles has a human resources department that reports directly to the general management.<\/p>\n<p style=\"font-weight: 250;\">TUMAG C\u00e2bles is based on a &#8220;business&#8221; reference framework for employment and skills. This reference framework is a tool that makes it possible not only to manage job management, but also to evaluate and validate skills, or to develop and prescribe training products and services.<\/p>\n<h3><strong>The employee specifications based on this reference framework make it possible to:<\/strong><\/h3>\n<p style=\"font-weight: 250;\">&#8211; specify the role, main responsibilities and activities of the position;<br \/>\n&#8211; identify the priority requirements for achieving the expected services;<br \/>\n&#8211; identify the set of knowledge and skills required to satisfactorily carry out the responsibilities of the position;<br \/>\n&#8211; clearly communicate to the incumbent the role and expected performance in his\/her position.<\/p>\n<h3><strong>Recruitment is generally carried out according to the following procedure : <\/strong><\/h3>\n<p style=\"font-weight: 250;\">1. Application through our website or any other appropriate means.<br \/>\n2. First evaluation and analysis of the application by a committee to be defined according to the position to be filled or re-filled.<br \/>\n3. in case of interest, invitation to an interview with the committee concerned by the recruitment.<br \/>\nThe interview must make it possible to gather and communicate information to the candidate according to the following elements:<br \/>\n&#8211; Reception of the candidate, information about the company and the position;<br \/>\n&#8211; Motivation and interest in the company and the position;<br \/>\n&#8211; Relevance of the training;<br \/>\n&#8211; Relevance of the experience;<br \/>\n&#8211; Concrete scenarios related to the operational tasks of the position;<br \/>\n&#8211; Personal characteristics;<br \/>\n&#8211; References.<br \/>\n4. Depending on the outcome of the interview, a job offer is proposed to the candidate<br \/>\n5. Implementation of the integration and training program<\/p>\n<p>[\/vc_column_text][\/vc_tta_section][vc_tta_section title=&#8221;VACANCIES&#8221; tab_id=&#8221;vacancies&#8221;][ind_custom_heading heading=&#8221;VACANCIES&#8221; colored_line=&#8221;yes&#8221;][vc_column_text]Below is a description of the positions to be filled.<br \/>\nWe remain open to spontaneous applications all year round.<br \/>\nPlease complete the application form in the &#8220;Apply&#8221; tab.[\/vc_column_text][vc_empty_space][vc_media_grid grid_id=&#8221;vc_gid:1563803964015-cd348a19-a3a8-10&#8243; include=&#8221;2330,2329,2328&#8243;][\/vc_tta_section][vc_tta_section title=&#8221;YOUR APPLICATION&#8221; tab_id=&#8221;your-application&#8221;]\n<div class=\"wpcf7 no-js\" id=\"wpcf7-f1081-o2\" lang=\"fr-FR\" dir=\"ltr\" data-wpcf7-id=\"1081\">\n<div class=\"screen-reader-response\"><p role=\"status\" aria-live=\"polite\" aria-atomic=\"true\"><\/p> <ul><\/ul><\/div>\n<form action=\"\/en\/wp-json\/wp\/v2\/pages\/840#wpcf7-f1081-o2\" method=\"post\" class=\"wpcf7-form init\" aria-label=\"Formulaire de contact\" enctype=\"multipart\/form-data\" novalidate=\"novalidate\" data-status=\"init\">\n<fieldset class=\"hidden-fields-container\"><input type=\"hidden\" name=\"_wpcf7\" value=\"1081\" \/><input type=\"hidden\" name=\"_wpcf7_version\" value=\"6.1.5\" \/><input type=\"hidden\" name=\"_wpcf7_locale\" value=\"fr_FR\" \/><input type=\"hidden\" name=\"_wpcf7_unit_tag\" value=\"wpcf7-f1081-o2\" \/><input type=\"hidden\" name=\"_wpcf7_container_post\" value=\"0\" \/><input type=\"hidden\" name=\"_wpcf7_posted_data_hash\" value=\"\" \/>\n<\/fieldset>\n<div class=\"custom-heading wpb_content_element \">\n\t<h2 class=\"heading-title\"> YOUR APPLICATION\n\t<\/h2>\n<\/div>\n<div style=\"font-style: italic;\">\n\t<p>Fields marked with (*) are mandatory.\n\t<\/p>\n<\/div>\n<p><label> Your Name (*)<br \/>\n<span class=\"wpcf7-form-control-wrap\" data-name=\"your-name\"><input size=\"40\" maxlength=\"400\" class=\"wpcf7-form-control wpcf7-text wpcf7-validates-as-required\" aria-required=\"true\" aria-invalid=\"false\" value=\"\" type=\"text\" name=\"your-name\" \/><\/span> <\/label>\n<\/p>\n<p><label> Your First Name (*)<br \/>\n<span class=\"wpcf7-form-control-wrap\" data-name=\"your-firstname\"><input size=\"40\" maxlength=\"400\" class=\"wpcf7-form-control wpcf7-text wpcf7-validates-as-required\" aria-required=\"true\" aria-invalid=\"false\" value=\"\" type=\"text\" name=\"your-firstname\" \/><\/span> <\/label>\n<\/p>\n<p><label> Select job offer (*)<br \/>\n<span class=\"wpcf7-form-control-wrap\" data-name=\"menu-554\"><select class=\"wpcf7-form-control wpcf7-select wpcf7-validates-as-required\" aria-required=\"true\" aria-invalid=\"false\" name=\"menu-554\"><option value=\"Contr\u00f4leur de gestion industriel\">Contr\u00f4leur de gestion industriel<\/option><option value=\"Responsable Qualit\u00e9\">Responsable Qualit\u00e9<\/option><option value=\"Responsable Maintenance\">Responsable Maintenance<\/option><option value=\"Candidature spontan\u00e9e\">Candidature spontan\u00e9e<\/option><\/select><\/span><\/label>\n<\/p>\n<p><label> Birthday jj\/mm\/aaaa (*)<br \/>\n<span class=\"wpcf7-form-control-wrap\" data-name=\"date-de-naissance\"><input size=\"40\" maxlength=\"400\" class=\"wpcf7-form-control wpcf7-text wpcf7-validates-as-required\" aria-required=\"true\" aria-invalid=\"false\" placeholder=\"jj\/mm\/aaaa\" value=\"\" type=\"text\" name=\"date-de-naissance\" \/><\/span> <\/label>\n<\/p>\n<p><label> Address (*)<br \/>\n<span class=\"wpcf7-form-control-wrap\" data-name=\"your-address\"><input size=\"40\" maxlength=\"400\" class=\"wpcf7-form-control wpcf7-text wpcf7-validates-as-required\" aria-required=\"true\" aria-invalid=\"false\" value=\"\" type=\"text\" name=\"your-address\" \/><\/span> <\/label>\n<\/p>\n<p><label> Zip Code (*)<br \/>\n<span class=\"wpcf7-form-control-wrap\" data-name=\"your-postal-code\"><input size=\"40\" maxlength=\"400\" class=\"wpcf7-form-control wpcf7-text wpcf7-validates-as-required\" aria-required=\"true\" aria-invalid=\"false\" value=\"\" type=\"text\" name=\"your-postal-code\" \/><\/span> <\/label>\n<\/p>\n<p><label> City (*)<br \/>\n<span class=\"wpcf7-form-control-wrap\" data-name=\"your-city\"><input size=\"40\" maxlength=\"400\" class=\"wpcf7-form-control wpcf7-text wpcf7-validates-as-required\" aria-required=\"true\" aria-invalid=\"false\" value=\"\" type=\"text\" name=\"your-city\" \/><\/span> <\/label>\n<\/p>\n<p><label> Country (*)<br \/>\n<span class=\"wpcf7-form-control-wrap\" data-name=\"your-country\"><input size=\"40\" maxlength=\"400\" class=\"wpcf7-form-control wpcf7-text wpcf7-validates-as-required\" aria-required=\"true\" aria-invalid=\"false\" value=\"\" type=\"text\" name=\"your-country\" \/><\/span> <\/label>\n<\/p>\n<p><label> T\u00e9l\u00e9phone (*)<br \/>\n<span class=\"wpcf7-form-control-wrap\" data-name=\"your-phone\"><input size=\"40\" maxlength=\"400\" class=\"wpcf7-form-control wpcf7-text wpcf7-validates-as-required\" aria-required=\"true\" aria-invalid=\"false\" value=\"\" type=\"text\" name=\"your-phone\" \/><\/span> <\/label>\n<\/p>\n<p><label> Your Email address (*)<br \/>\n<span class=\"wpcf7-form-control-wrap\" data-name=\"your-email\"><input size=\"40\" maxlength=\"400\" class=\"wpcf7-form-control wpcf7-email wpcf7-validates-as-required wpcf7-text wpcf7-validates-as-email\" aria-required=\"true\" aria-invalid=\"false\" value=\"\" type=\"email\" name=\"your-email\" \/><\/span> <\/label>\n<\/p>\n<p><label> Your CV (*, format PDF, max 2MB)<br \/>\n<span class=\"wpcf7-form-control-wrap\" data-name=\"file-CV\"><input size=\"40\" class=\"wpcf7-form-control wpcf7-file wpcf7-validates-as-required\" accept=\"audio\/*,video\/*,image\/*\" aria-required=\"true\" aria-invalid=\"false\" type=\"file\" name=\"file-CV\" \/><\/span><br \/>\n<\/label><label> Your Motivation Letter (*, PDF format, max 2MB)<br \/>\n<span class=\"wpcf7-form-control-wrap\" data-name=\"file-motivation\"><input size=\"40\" class=\"wpcf7-form-control wpcf7-file wpcf7-validates-as-required\" accept=\"audio\/*,video\/*,image\/*\" aria-required=\"true\" aria-invalid=\"false\" type=\"file\" name=\"file-motivation\" \/><\/span><br \/>\n<input class=\"wpcf7-form-control wpcf7-submit has-spinner\" type=\"submit\" value=\"Send\" \/><\/label>\n<\/p><p style=\"display: none !important;\" class=\"akismet-fields-container\" data-prefix=\"_wpcf7_ak_\"><label>&#916;<textarea name=\"_wpcf7_ak_hp_textarea\" cols=\"45\" rows=\"8\" maxlength=\"100\"><\/textarea><\/label><input type=\"hidden\" id=\"ak_js_2\" name=\"_wpcf7_ak_js\" value=\"34\"\/><script>document.getElementById( \"ak_js_2\" ).setAttribute( \"value\", ( new Date() ).getTime() );<\/script><\/p><div class=\"wpcf7-response-output\" aria-hidden=\"true\"><\/div>\n<\/form>\n<\/div>\n[\/vc_tta_section][\/vc_tta_tour][\/vc_column][\/vc_row]<\/p>\n<\/div>","protected":false},"excerpt":{"rendered":"<p>[vc_row row_type=&#8221;row_full_center_content&#8221; class=&#8221;max_width&#8221; el_class=&#8221;about-tab-box sectpad&#8221;][vc_column][vc_tta_tour shape=&#8221;square&#8221; color=&#8221;white&#8221; active_section=&#8221;1&#8243; el_class=&#8221;margin_both&#8221;][vc_tta_section title=&#8221;FAMILY-OWNED COMPANY?&#8221; tab_id=&#8221;family-owned-company&#8221;][ind_custom_heading heading=&#8221;WORK IN A FAMILY-OWNED BUSINESS&#8221; colored_line=&#8221;yes&#8221;][vc_column_text el_class=&#8221;single-tab-content&#8221;]TUMAG C\u00e2bles is &#8230;<\/p>\n","protected":false},"author":1,"featured_media":0,"parent":0,"menu_order":0,"comment_status":"closed","ping_status":"closed","template":"","meta":{"_exactmetrics_skip_tracking":false,"_exactmetrics_sitenote_active":false,"_exactmetrics_sitenote_note":"","_exactmetrics_sitenote_category":0,"footnotes":""},"class_list":["post-840","page","type-page","status-publish","hentry"],"yoast_head":"<!-- This site is optimized with the Yoast SEO plugin v26.9 - https:\/\/yoast.com\/product\/yoast-seo-wordpress\/ -->\n<title>Careers | TUMAG cables<\/title>\n<meta name=\"robots\" content=\"index, follow, max-snippet:-1, max-image-preview:large, max-video-preview:-1\" \/>\n<link rel=\"canonical\" href=\"https:\/\/www.tumagcables.com\/fr\/carrieres\/\" \/>\n<meta property=\"og:locale\" content=\"en_US\" \/>\n<meta property=\"og:type\" content=\"article\" \/>\n<meta property=\"og:title\" content=\"[:fr]Carri\u00e8res[:en]Careers[:] | TUMAG cables\" \/>\n<meta property=\"og:description\" content=\"[vc_row row_type=&#8221;row_full_center_content&#8221; class=&#8221;max_width&#8221; el_class=&#8221;about-tab-box sectpad&#8221;][vc_column][vc_tta_tour shape=&#8221;square&#8221; color=&#8221;white&#8221; active_section=&#8221;1&#8243; el_class=&#8221;margin_both&#8221;][vc_tta_section title=&#8221;FAMILY-OWNED COMPANY?&#8221; tab_id=&#8221;family-owned-company&#8221;][ind_custom_heading heading=&#8221;WORK IN A FAMILY-OWNED BUSINESS&#8221; colored_line=&#8221;yes&#8221;][vc_column_text el_class=&#8221;single-tab-content&#8221;]TUMAG C\u00e2bles is ...\" \/>\n<meta property=\"og:url\" content=\"https:\/\/www.tumagcables.com\/fr\/carrieres\/\" \/>\n<meta property=\"og:site_name\" content=\"TUMAG cables\" \/>\n<meta property=\"article:modified_time\" content=\"2019-07-22T13:59:56+00:00\" \/>\n<meta name=\"twitter:card\" content=\"summary_large_image\" \/>\n<meta name=\"twitter:label1\" content=\"Est. reading time\" \/>\n\t<meta name=\"twitter:data1\" content=\"13 minutes\" \/>\n<script type=\"application\/ld+json\" class=\"yoast-schema-graph\">{\"@context\":\"https:\/\/schema.org\",\"@graph\":[{\"@type\":\"WebPage\",\"@id\":\"https:\/\/www.tumagcables.com\/fr\/carrieres\/\",\"url\":\"https:\/\/www.tumagcables.com\/fr\/carrieres\/\",\"name\":\"[:fr]Carri\u00e8res[:en]Careers[:] | TUMAG cables\",\"isPartOf\":{\"@id\":\"https:\/\/www.tumagcables.com\/fr\/#website\"},\"datePublished\":\"2018-11-23T10:32:23+00:00\",\"dateModified\":\"2019-07-22T13:59:56+00:00\",\"breadcrumb\":{\"@id\":\"https:\/\/www.tumagcables.com\/fr\/carrieres\/#breadcrumb\"},\"inLanguage\":\"en-US\",\"potentialAction\":[{\"@type\":\"ReadAction\",\"target\":[\"https:\/\/www.tumagcables.com\/fr\/carrieres\/\"]}]},{\"@type\":\"BreadcrumbList\",\"@id\":\"https:\/\/www.tumagcables.com\/fr\/carrieres\/#breadcrumb\",\"itemListElement\":[{\"@type\":\"ListItem\",\"position\":1,\"name\":\"Home\",\"item\":\"https:\/\/www.tumagcables.com\/fr\/\"},{\"@type\":\"ListItem\",\"position\":2,\"name\":\"Carri\u00e8res\"}]},{\"@type\":\"WebSite\",\"@id\":\"https:\/\/www.tumagcables.com\/fr\/#website\",\"url\":\"https:\/\/www.tumagcables.com\/fr\/\",\"name\":\"TUMAG cables\",\"description\":\"Wires and Cables Provider\",\"publisher\":{\"@id\":\"https:\/\/www.tumagcables.com\/fr\/#organization\"},\"potentialAction\":[{\"@type\":\"SearchAction\",\"target\":{\"@type\":\"EntryPoint\",\"urlTemplate\":\"https:\/\/www.tumagcables.com\/fr\/?s={search_term_string}\"},\"query-input\":{\"@type\":\"PropertyValueSpecification\",\"valueRequired\":true,\"valueName\":\"search_term_string\"}}],\"inLanguage\":\"en-US\"},{\"@type\":\"Organization\",\"@id\":\"https:\/\/www.tumagcables.com\/fr\/#organization\",\"name\":\"Tumag C\u00e2bles\",\"url\":\"https:\/\/www.tumagcables.com\/fr\/\",\"logo\":{\"@type\":\"ImageObject\",\"inLanguage\":\"en-US\",\"@id\":\"https:\/\/www.tumagcables.com\/fr\/#\/schema\/logo\/image\/\",\"url\":\"https:\/\/www.tumagcables.com\/wp-content\/uploads\/2017\/06\/logo@2x.png\",\"contentUrl\":\"https:\/\/www.tumagcables.com\/wp-content\/uploads\/2017\/06\/logo@2x.png\",\"width\":424,\"height\":150,\"caption\":\"Tumag C\u00e2bles\"},\"image\":{\"@id\":\"https:\/\/www.tumagcables.com\/fr\/#\/schema\/logo\/image\/\"},\"sameAs\":[\"https:\/\/www.linkedin.com\/company\/18293891\/\"]}]}<\/script>\n<!-- \/ Yoast SEO plugin. -->","yoast_head_json":{"title":"[:fr]Carri\u00e8res[:en]Careers[:] | TUMAG cables","robots":{"index":"index","follow":"follow","max-snippet":"max-snippet:-1","max-image-preview":"max-image-preview:large","max-video-preview":"max-video-preview:-1"},"canonical":"https:\/\/www.tumagcables.com\/fr\/carrieres\/","og_locale":"en_US","og_type":"article","og_title":"[:fr]Carri\u00e8res[:en]Careers[:] | TUMAG cables","og_description":"[vc_row row_type=&#8221;row_full_center_content&#8221; class=&#8221;max_width&#8221; el_class=&#8221;about-tab-box sectpad&#8221;][vc_column][vc_tta_tour shape=&#8221;square&#8221; color=&#8221;white&#8221; active_section=&#8221;1&#8243; el_class=&#8221;margin_both&#8221;][vc_tta_section title=&#8221;FAMILY-OWNED COMPANY?&#8221; tab_id=&#8221;family-owned-company&#8221;][ind_custom_heading heading=&#8221;WORK IN A FAMILY-OWNED BUSINESS&#8221; colored_line=&#8221;yes&#8221;][vc_column_text el_class=&#8221;single-tab-content&#8221;]TUMAG C\u00e2bles is ...","og_url":"https:\/\/www.tumagcables.com\/fr\/carrieres\/","og_site_name":"TUMAG cables","article_modified_time":"2019-07-22T13:59:56+00:00","twitter_card":"summary_large_image","twitter_misc":{"Est. reading time":"13 minutes"},"schema":{"@context":"https:\/\/schema.org","@graph":[{"@type":"WebPage","@id":"https:\/\/www.tumagcables.com\/fr\/carrieres\/","url":"https:\/\/www.tumagcables.com\/fr\/carrieres\/","name":"[:fr]Carri\u00e8res[:en]Careers[:] | TUMAG cables","isPartOf":{"@id":"https:\/\/www.tumagcables.com\/fr\/#website"},"datePublished":"2018-11-23T10:32:23+00:00","dateModified":"2019-07-22T13:59:56+00:00","breadcrumb":{"@id":"https:\/\/www.tumagcables.com\/fr\/carrieres\/#breadcrumb"},"inLanguage":"en-US","potentialAction":[{"@type":"ReadAction","target":["https:\/\/www.tumagcables.com\/fr\/carrieres\/"]}]},{"@type":"BreadcrumbList","@id":"https:\/\/www.tumagcables.com\/fr\/carrieres\/#breadcrumb","itemListElement":[{"@type":"ListItem","position":1,"name":"Home","item":"https:\/\/www.tumagcables.com\/fr\/"},{"@type":"ListItem","position":2,"name":"Carri\u00e8res"}]},{"@type":"WebSite","@id":"https:\/\/www.tumagcables.com\/fr\/#website","url":"https:\/\/www.tumagcables.com\/fr\/","name":"TUMAG cables","description":"Wires and Cables Provider","publisher":{"@id":"https:\/\/www.tumagcables.com\/fr\/#organization"},"potentialAction":[{"@type":"SearchAction","target":{"@type":"EntryPoint","urlTemplate":"https:\/\/www.tumagcables.com\/fr\/?s={search_term_string}"},"query-input":{"@type":"PropertyValueSpecification","valueRequired":true,"valueName":"search_term_string"}}],"inLanguage":"en-US"},{"@type":"Organization","@id":"https:\/\/www.tumagcables.com\/fr\/#organization","name":"Tumag C\u00e2bles","url":"https:\/\/www.tumagcables.com\/fr\/","logo":{"@type":"ImageObject","inLanguage":"en-US","@id":"https:\/\/www.tumagcables.com\/fr\/#\/schema\/logo\/image\/","url":"https:\/\/www.tumagcables.com\/wp-content\/uploads\/2017\/06\/logo@2x.png","contentUrl":"https:\/\/www.tumagcables.com\/wp-content\/uploads\/2017\/06\/logo@2x.png","width":424,"height":150,"caption":"Tumag C\u00e2bles"},"image":{"@id":"https:\/\/www.tumagcables.com\/fr\/#\/schema\/logo\/image\/"},"sameAs":["https:\/\/www.linkedin.com\/company\/18293891\/"]}]}},"_links":{"self":[{"href":"https:\/\/www.tumagcables.com\/en\/wp-json\/wp\/v2\/pages\/840","targetHints":{"allow":["GET"]}}],"collection":[{"href":"https:\/\/www.tumagcables.com\/en\/wp-json\/wp\/v2\/pages"}],"about":[{"href":"https:\/\/www.tumagcables.com\/en\/wp-json\/wp\/v2\/types\/page"}],"author":[{"embeddable":true,"href":"https:\/\/www.tumagcables.com\/en\/wp-json\/wp\/v2\/users\/1"}],"replies":[{"embeddable":true,"href":"https:\/\/www.tumagcables.com\/en\/wp-json\/wp\/v2\/comments?post=840"}],"version-history":[{"count":40,"href":"https:\/\/www.tumagcables.com\/en\/wp-json\/wp\/v2\/pages\/840\/revisions"}],"predecessor-version":[{"id":2332,"href":"https:\/\/www.tumagcables.com\/en\/wp-json\/wp\/v2\/pages\/840\/revisions\/2332"}],"wp:attachment":[{"href":"https:\/\/www.tumagcables.com\/en\/wp-json\/wp\/v2\/media?parent=840"}],"curies":[{"name":"wp","href":"https:\/\/api.w.org\/{rel}","templated":true}]}}